{"id":32484,"date":"2022-12-28T12:22:14","date_gmt":"2022-12-28T10:22:14","guid":{"rendered":"https:\/\/test.kithera.gr\/le-10-migliori-rotte-a-citera\/"},"modified":"2022-12-28T18:59:57","modified_gmt":"2022-12-28T16:59:57","slug":"le-10-migliori-rotte-a-citera","status":"publish","type":"page","link":"https:\/\/test.kithera.gr\/it\/le-10-migliori-rotte-a-citera\/","title":{"rendered":"Le 10 migliori rotte a Citera"},"content":{"rendered":"\n<div class=\"page-container\">\n<div class=\"infobox\">\n<h1>Le 10 migliori rotte a Citera<\/h1>\n\n<div class=\"page-img\">\n<img loading=\"lazy\" decoding=\"async\" src=\"https:\/\/test.kithera.gr\/wp-content\/uploads\/2022\/11\/iliobasilema-kythira.jpg\" alt=\"Le 10 migliori rotte a Citera\" width=\"1200\" height=\"550\">\n<\/div>\n\n<p>Citera o altrimenti l&#8217;isola della Venere celeste, poich\u00e9 dai tempi di Omero \u00e8 indicata come l&#8217;isola di Citeria, la dea dell&#8217;amore e nutrice.<br>\nSituato tra il Peloponneso e Creta, e poich\u00e9 piove da tre mari, ha sviluppato un paesaggio naturale unico che pochi ambienti insulari possiedono.<br>\nCon una flora rara e ricca, ad esempio, ha la pi\u00f9 grande variet\u00e0 di erbe e fiori selvatici nell&#8217;area greca, disseminata tra laghi con acque correnti che terminano in spiagge incantevoli.<br>\nL&#8217;isola \u00e8 un&#8217;attrazione ideale per gli appassionati di escursionismo, ma anche per gli appassionati di guida piacevole su meravigliosi percorsi stradali, con una ricca variet\u00e0 di scenari naturali, che sicuramente soddisferanno completamente anche i pi\u00f9 esigenti.<br>\nLa guida turistica di Kythira ti offre 10 meravigliosi percorsi escursionistici o di guida, che conducono a 10 meravigliose destinazioni uniche.<\/p>\n<\/div>\n\n<hr>\n\n<div class=\"infobox\">\n<h2>\u039c1 Hora Kapsali<\/h2>\n<div class=\"page-img\">\n<img loading=\"lazy\" decoding=\"async\" src=\"https:\/\/test.kithera.gr\/wp-content\/uploads\/2022\/09\/xora-13.jpg\" alt=\"\u039c1 Hora Kapsali\" width=\"1000\" height=\"667\">\n<\/div>\n<p>Un meraviglioso percorso con vista sull&#8217;orizzonte, che attraverserai sicuramente in auto perch\u00e9, non puoi escludere il visitatore dell&#8217;isola di non visitare i villaggi pi\u00f9 belli di Kythira. Pertanto, \u00e8 un&#8217;opportunit\u00e0 per gli amanti dell&#8217;escursionismo, partendo dai pittoreschi vicoli della tradizionale capitale di Chora, per scendere ai doppi golfi sul mare Kapsali, attraverso pini secolari e sentieri pittoreschi. ~ Guardala <a href=\"https:\/\/test.kithera.gr\/it\/citera\/m01-chora-kapsali\/\">\u039c1 Hora Kapsali<\/a>\n<\/p><\/div> \n\n<hr>\n\n<div class=\"infobox\">\n<h2>Potamos &#8211; Karavas<\/h2>\n<div class=\"page-img\">\n<img loading=\"lazy\" decoding=\"async\" src=\"https:\/\/test.kithera.gr\/wp-content\/uploads\/2022\/09\/potamos-1.jpg\" alt=\"Potamos - Karavas\" width=\"1000\" height=\"667\">\n<\/div>\n<p>Partendo da Potamos, che si trova al centro dell&#8217;isola, prendiamo la strada a nord del villaggio, in un percorso che ci svela le bellezze particolari di una zona poco turistica, ma che ci porta a Karavas, uno dei i pi\u00f9 bei villaggi tradizionali dell&#8217;isola, costruiti ad anfiteatro su colline verdeggianti, con sorgenti e acque abbondanti. ~ Vedi <a href=\"https:\/\/test.kithera.gr\/it\/citera\/potamos\/\">Potamos<\/a>, <a href=\"https:\/\/test.kithera.gr\/it\/karavas-9\/\">Karavas<\/a>\n<\/p><\/div> \n\n<hr>\n\n<div class=\"infobox\">\n<h2>Gerakari Foresta<\/h2>\n<div class=\"page-img\">\n<img loading=\"lazy\" decoding=\"async\" src=\"https:\/\/test.kithera.gr\/wp-content\/uploads\/2022\/10\/gerakari-1.jpg\" alt=\"Gerakari Forest\" width=\"1000\" height=\"667\">\n<\/div>\n<p>Il piccolo villaggio di Gerakari pu\u00f2 essere raggiunto da Potamos &#8211; Karava, o da Agia Pelagia. Da l\u00ec inizia il percorso che ci porta nella zona pi\u00f9 boscosa dell&#8217;isola costituita da pini ed eucalipti che arrivano fino al mare. ~ Vedi <a href=\"https:\/\/test.kithera.gr\/it\/citera\/foresta-di-gerakari\/\">Gerakari Foresta<\/a>\n<\/p><\/div> \n\n<hr>\n\n<div class=\"infobox\">\n<h2>M41 Mylopotamos &#8211; Myloi<\/h2>\n<div class=\"page-img\">\n<img loading=\"lazy\" decoding=\"async\" src=\"https:\/\/test.kithera.gr\/wp-content\/uploads\/2022\/10\/myloi-9.jpg\" alt=\"M41 Mylopotamos - Myloi kythira\" width=\"1000\" height=\"667\">\n<\/div>\n<p>Dalla piazza centrale del tradizionale villaggio di Mylopotamos sgorga la prima sorgente d&#8217;acqua che, nel suo percorso attraverso una meravigliosa gola, forma laghetti e cascate tra platani secolari e vegetazione lussureggiante. Mentre il visitatore scende lungo i sentieri dei Mulini ad acqua, passa attraverso tradizionali mulini ad acqua e ponti ad arco in pietra, accompagnati dall&#8217;ombra dei platani e dal gorgoglio dell&#8217;acqua. ~ Vedi <a href=\"https:\/\/test.kithera.gr\/it\/citera\/m41-myloi-mylopotamo\/\">M41 Mylopotamos &#8211; Myloi<\/a>\n<\/p><\/div> \n\n\n<hr>\n\n<div class=\"infobox\">\n<h2>Potamos &#8211; Agia Pelagia<\/h2>\n<div class=\"page-img\">\n<img loading=\"lazy\" decoding=\"async\" src=\"https:\/\/test.kithera.gr\/wp-content\/uploads\/2022\/09\/agia-pelagia-6-1.jpg\" alt=\"Potamos - Agia Pelagia\" width=\"1000\" height=\"667\">\n<\/div>\n<p>Partendo dal villaggio di Potamos con le sue case neoclassiche, dove ogni domenica da 400 anni si tiene un tradizionale bazar con prodotti di produttori locali, si prosegue attraversando la strada principale per Agia Pelagia, tra verdi colline, e affacciandosi sulle magnifiche montagne del Peloponneso. ~ Vedi <a href=\"https:\/\/test.kithera.gr\/it\/citera\/potamos\/\">Potamos<\/a>, <a href=\"https:\/\/test.kithera.gr\/it\/agia-pelagia-9\/\">Agia Pelagia<\/a>\n<\/p><\/div> \n\n<hr>\n\n<div class=\"infobox\">\n<h2>Mylopotamos &#8211; Kalami<\/h2>\n<div class=\"page-img\">\n<img loading=\"lazy\" decoding=\"async\" src=\"https:\/\/test.kithera.gr\/wp-content\/uploads\/2022\/09\/kalami-2.jpg\" alt=\"Mylopotamos - Kalami Kythira\" width=\"1000\" height=\"667\">\n<\/div>\n<p>Questo particolare itinerario \u00e8 uno di quelli che vale sicuramente la pena percorrere, poich\u00e9 attraversa una zona boscosa di cedri. Altro ritorno \u00e8 un riferimento continuo, il che lo rende molto difficile, e quindi lo sconsigliamo al grande pubblico. Tuttavia, il viaggio verso il monastero di Panagia Orphanis \u00e8 puro piacere, c&#8217;\u00e8 un parcheggio dove lasceremo l&#8217;auto e continueremo a piedi fino alla spiaggia di Kalami. La discesa alla spiaggia \u00e8 da una rupe, che richiede una difficolt\u00e0 relativa.~ Vedi <a href=\"https:\/\/test.kithera.gr\/it\/citera\/mylopotamos\/\">Mylopotamos<\/a>, <a href=\"https:\/\/test.kithera.gr\/it\/citera\/spiaggia-kalami\/\">Kalami<\/a>\n<\/p><\/div> \n\n<hr>\n\n<div class=\"infobox\">\n<h2>M19 Avlemonas &#8211; Agios Giorgis<\/h2>\n<div class=\"page-img\">\n<img loading=\"lazy\" decoding=\"async\" src=\"https:\/\/test.kithera.gr\/wp-content\/uploads\/2022\/10\/agios-giorgis-sto-bouno-2.jpg\" alt=\"M19 Avlemonas - Agios Giorgis\" width=\"1000\" height=\"667\">\n<\/div>\n<p>Un percorso che parte dal periodo minoico con il pittoresco porto di Avlemona come punto di partenza, attraverso un paesaggio dorico si arrampica su pendii montuosi ricamati di pietre a secco, fino alla piccola chiesa di Ai Giorgi sulla montagna. In questa zona speciale con la sua vista panoramica mozzafiato, si trova il santuario della sommit\u00e0 minoica, il pi\u00f9 importante al di fuori di Creta, componendo cos\u00ec un&#8217;esperienza come un vero viaggio nel tempo. ~ Vedi <a href=\"https:\/\/test.kithera.gr\/it\/citera\/m19-avlemonas-agios-giorgis\/\">M19 Avlemonas &#8211; Agios Giorgis<\/a>\n<\/p><\/div> \n\n\n<hr>\n\n<div class=\"infobox\">\n<h2>M31 Potamos &#8211; Paleohora<\/h2>\n<div class=\"page-img\">\n<img loading=\"lazy\" decoding=\"async\" src=\"https:\/\/test.kithera.gr\/wp-content\/uploads\/2022\/10\/paleochora-6.jpg\" alt=\"M31 Potamos - Paleohora\" width=\"1000\" height=\"667\">\n<\/div>\n<p>A est di Potamos prendiamo la strada per il bellissimo villaggio di Trifilianika, da dove inizia il sentiero per un percorso speciale tra i pendii montuosi, dove lungo la strada incontriamo acqua corrente e ricca vegetazione. Il percorso termina al castello-stato bizantino di Palochora, che fu la prima capitale dell&#8217;isola con il nome di Agios Dimitrios, con una serie di importanti chiese bizantine, edifici pubblici e mura di fortificazione, alcune delle quali sono ancora conservate oggi. ~ Vedi <a href=\"https:\/\/test.kithera.gr\/it\/citera\/m31-potamos-paleochora\/\">M31 Potamos &#8211; Paleohora<\/a>\n<\/p><\/div> \n\n<hr>\n\n<div class=\"infobox\">\n<h2>Karvounades &#8211; Kobonada<\/h2>\n<div class=\"page-img\">\n<img loading=\"lazy\" decoding=\"async\" src=\"https:\/\/test.kithera.gr\/wp-content\/uploads\/2022\/09\/komponada-1.jpg\" alt=\"Karvounades - Kobonada kythera\" width=\"1000\" height=\"667\">\n<\/div>\n<p>Il villaggio di Karvounades si trova nella parte centro-meridionale di Kythira, costruito sulla strada principale. La strada per la spiaggia di Komponada inizia a ovest del villaggio, attraversa l&#8217;insediamento di Agia Ilias e prosegue su un bellissimo percorso tra natura ricca e uliveti, con vista sul mare di Creta e sull&#8217;isola rocciosa di Khytra. Il percorso lungo la lunga strada termina alla lunga spiaggia di ciottoli bianchi tondi. ~ Vedi <a href=\"https:\/\/test.kithera.gr\/it\/citera\/spiaggia-kombonada\/\">Kobonada<\/a>\n<\/p><\/div> \n\n<\/div>\n<div class='footeradsense'><h4>Enjoyed this article?<\/h4><p>Subscribe to our  <a href=\"http:\/\/feed.example.com\" target=\"_blank\" rel=\"noopener\">RSS feed<\/a> and never miss updates!<\/p><\/div>","protected":false},"excerpt":{"rendered":"<p>Le 10 migliori rotte a Citera Citera o altrimenti l&#8217;isola della Venere celeste, poich\u00e9 dai tempi di Omero \u00e8 indicata come l&#8217;isola di Citeria, la dea dell&#8217;amore e nutrice. Situato tra il Peloponneso e Creta, e poich\u00e9 piove da tre mari, ha sviluppato un paesaggio naturale unico che pochi ambienti insulari possiedono. Con una flora [&hellip;]<\/p>\n","protected":false},"author":1,"featured_media":0,"parent":0,"menu_order":0,"comment_status":"closed","ping_status":"closed","template":"template\/template-homepage.php","meta":{"footnotes":""},"class_list":["post-32484","page","type-page","status-publish","hentry"],"_links":{"self":[{"href":"https:\/\/test.kithera.gr\/it\/wp-json\/wp\/v2\/pages\/32484","targetHints":{"allow":["GET"]}}],"collection":[{"href":"https:\/\/test.kithera.gr\/it\/wp-json\/wp\/v2\/pages"}],"about":[{"href":"https:\/\/test.kithera.gr\/it\/wp-json\/wp\/v2\/types\/page"}],"author":[{"embeddable":true,"href":"https:\/\/test.kithera.gr\/it\/wp-json\/wp\/v2\/users\/1"}],"replies":[{"embeddable":true,"href":"https:\/\/test.kithera.gr\/it\/wp-json\/wp\/v2\/comments?post=32484"}],"version-history":[{"count":0,"href":"https:\/\/test.kithera.gr\/it\/wp-json\/wp\/v2\/pages\/32484\/revisions"}],"wp:attachment":[{"href":"https:\/\/test.kithera.gr\/it\/wp-json\/wp\/v2\/media?parent=32484"}],"curies":[{"name":"wp","href":"https:\/\/api.w.org\/{rel}","templated":true}]}}