{"id":32322,"date":"2022-12-27T20:09:14","date_gmt":"2022-12-27T18:09:14","guid":{"rendered":"https:\/\/test.kithera.gr\/a-proposito-di-kithera-gr\/"},"modified":"2022-12-30T18:20:16","modified_gmt":"2022-12-30T16:20:16","slug":"a-proposito-di-kithera-gr","status":"publish","type":"page","link":"https:\/\/test.kithera.gr\/it\/a-proposito-di-kithera-gr\/","title":{"rendered":"A proposito di kithera.gr"},"content":{"rendered":"\n<div class=\"page-container\">\r\n\r\n<div class=\"infobox bg-1\">\r\n<h1>Informazioni su kithera.gr<\/h1>\r\n<p>Kithera.gr ~ Panorama \u00e8 il pi\u00f9 grande sito web di Citera e uno dei pi\u00f9 grandi in Grecia nella sua categoria. Mostra in dettaglio 21 villaggi, 33 spiagge, 16 monumenti, 8 aree naturali, 6 sentieri escursionistici, per un totale di 84 localit\u00e0 dell&#8217;isola, dove per ogni localit\u00e0 sono visualizzate 8-12 foto, per un totale di 520 foto, di cui 82 sono panoramica, 464 mappe stradali, dati e testi in tempo reale, attraverso una presentazione moderna di alto livello unico.<br\/>\r\nIl ricco materiale di Kithera.gr ~ Panorama viene visualizzato attraverso un ambiente piacevole e di facile fruizione, rivolto a un pubblico di tutte le et\u00e0, con l&#8217;obiettivo di conoscere adeguatamente l&#8217;isola, creando il loro desiderio di visitare l&#8217;isola di Heavenly Venere presto.<\/p>\r\n<\/div>\r\n\r\n<div class=\"2column-container\">\r\n<div class=\"two-column-wrapper\">\r\n<div class=\"pdt-7\">\r\n<p>Ringraziamo sinceramente tutti coloro che comunicano con noi e per i commenti positivi che ci sono stati inviati in merito a Kithera.gr ~ Panorama. <br\/>Continuiamo con la promessa di migliorare costantemente il livello di Kithera.gr ~ Panorama e invitando tutti quest&#8217;estate a conoscere la magica Citera e la sua gente ospitale!<br\/> Vi auguriamo una piacevole vacanza a Citera, l&#8217;isola di Ourania Afrodite e Pure Love!<\/p>\r\n<!--\r\n<b>\u0395\u03b3\u03b3\u03c1\u03b1\u03c6\u03ae \u03c3\u03c4\u03bf Newsletter \u03c4\u03b7\u03c2 Kithera.gr ~ Panorama<\/b><br>\r\n[wpforms id=\"32333\"]\r\n-->\r\n<\/div>\r\n\r\n<div class=\"half-box\">\r\n<img loading=\"lazy\" decoding=\"async\" src=\"https:\/\/test.kithera.gr\/wp-content\/uploads\/2022\/11\/Toulipes.jpg\" alt=\"\u03a3\u03c7\u03b5\u03c4\u03b9\u03ba\u03ac \u03bc\u03b5 \u03c4\u03b7\u03bd kithera.gr\" width=\"550\" height=\"550\"\/>\r\n<\/div>\r\n<\/div>\r\n<\/div>\r\n\r\n<\/div>\r\n\r\n\r\n<style>\r\n.2column-container {\r\n  width: 100vw;\r\n  height: auto;\r\n}\r\n.two-column-wrapper {\r\n  padding: 20px;\r\n  display: flex;\r\n  flex-wrap: wrap;\r\n  justify-content: center;\r\n}\r\n.two-column-wrapper img {\r\n  width: 100%;\r\n}\r\n@media screen and (min-width: 700px) {\r\n  .two-column-wrapper {\r\n    padding: 30px;\r\n    max-width: 1260px;\r\n    margin: auto;\r\n  }\r\n  .two-column-wrapper > div {\r\n    flex: 1;\r\n    margin: 10px;\r\n  }\r\n}\r\n.text {\r\n  margin-bottom: 20px;\r\n}\r\n@media screen and (min-width: 700px) {\r\n  .text {\r\n    margin-bottom: 0;\r\n  }\r\n}\r\n.pdt-7 {padding-top:70px;}\r\n.pd-l5 {padding-left: 50px !important;}\r\n\r\ndiv.wpforms-container-full .wpforms-form textarea, div.wpforms-container-full .wpforms-form input[type=\"email\"], div.wpforms-container-full .wpforms-form input[type=\"text\"] {\r\n  border-radius: 4px; color: #444; border: 1px dotted #ccc; \r\n}\r\n div.wpforms-container-full .wpforms-form button[type=\"submit\"] { background-color: #fff;\r\nborder: 1px solid #ddd; border-radius: 4px; padding: 10px 30px 10px 30px;}\r\n<\/style>\n<div class='footeradsense'><h4>Enjoyed this article?<\/h4><p>Subscribe to our  <a href=\"http:\/\/feed.example.com\" target=\"_blank\" rel=\"noopener\">RSS feed<\/a> and never miss updates!<\/p><\/div>","protected":false},"excerpt":{"rendered":"<p>Informazioni su kithera.gr Kithera.gr ~ Panorama \u00e8 il pi\u00f9 grande sito web di Citera e uno dei pi\u00f9 grandi in Grecia nella sua categoria. Mostra in dettaglio 21 villaggi, 33 spiagge, 16 monumenti, 8 aree naturali, 6 sentieri escursionistici, per un totale di 84 localit\u00e0 dell&#8217;isola, dove per ogni localit\u00e0 sono visualizzate 8-12 foto, per [&hellip;]<\/p>\n","protected":false},"author":1,"featured_media":0,"parent":0,"menu_order":0,"comment_status":"closed","ping_status":"closed","template":"template\/template-homepage.php","meta":{"footnotes":""},"class_list":["post-32322","page","type-page","status-publish","hentry"],"_links":{"self":[{"href":"https:\/\/test.kithera.gr\/it\/wp-json\/wp\/v2\/pages\/32322","targetHints":{"allow":["GET"]}}],"collection":[{"href":"https:\/\/test.kithera.gr\/it\/wp-json\/wp\/v2\/pages"}],"about":[{"href":"https:\/\/test.kithera.gr\/it\/wp-json\/wp\/v2\/types\/page"}],"author":[{"embeddable":true,"href":"https:\/\/test.kithera.gr\/it\/wp-json\/wp\/v2\/users\/1"}],"replies":[{"embeddable":true,"href":"https:\/\/test.kithera.gr\/it\/wp-json\/wp\/v2\/comments?post=32322"}],"version-history":[{"count":0,"href":"https:\/\/test.kithera.gr\/it\/wp-json\/wp\/v2\/pages\/32322\/revisions"}],"wp:attachment":[{"href":"https:\/\/test.kithera.gr\/it\/wp-json\/wp\/v2\/media?parent=32322"}],"curies":[{"name":"wp","href":"https:\/\/api.w.org\/{rel}","templated":true}]}}