{"id":32216,"date":"2022-05-12T15:22:25","date_gmt":"2022-05-12T12:22:25","guid":{"rendered":"https:\/\/test.kithera.gr\/?page_id=32216"},"modified":"2025-03-13T19:18:41","modified_gmt":"2025-03-13T17:18:41","slug":"attivita-a-citera","status":"publish","type":"page","link":"https:\/\/test.kithera.gr\/it\/attivita-a-citera\/","title":{"rendered":"Attivit\u00e0 a Citera"},"content":{"rendered":"\n<div class=\"page-container\">\n<div class=\"infobox bg-6\">\n<h1>Attivit\u00e0 a Citera<\/h1>\n<p><b>Sport acquatici, Immersioni, Sentieri escursionistici!<\/b><br>\nCitera ha un ambiente naturale meraviglioso e allo stesso tempo unico, che colpisce immediatamente chi visita l&#8217;isola per la prima volta.<br><br>\n\nLa ricca vegetazione e le abbondanti acque correnti, che spesso ricordano una regione continentale, insieme all&#8217;autentico paesaggio tradizionale, sono una promessa per chi ama camminare e scoprire i tesori nascosti della natura seguendo sentieri segnalati.<br>&lt; br&gt;\n\nDurante la stagione estiva, le decine di spiagge dell&#8217;isola, alcune grandi e altre piccole, sono garanzia di vacanze indimenticabili. Ma anche se desideri qualcosa di pi\u00f9 del nuoto, come portare la tua famiglia a fare un piacevole giro in pedal\u00f2 o solcare le onde con gli sci, qui troverai tutte le infrastrutture per i tuoi sport acquatici preferiti.<br> <br>\n\nLe cime montuose dell&#8217;isola affondano dolcemente nel mare formando bellissime spiagge, dove in alcuni casi i ripidi pendii montuosi creano impressionanti formazioni geologiche sottomarine, magnifiche scogliere piene di vita e colori, o grotte marine di una bellezza unica in attesa di essere esplorate dagli appassionati di immersioni.\n<\/p>\n<\/div>\n\n<div class=\"masonry-wrapper\">\n<div class=\"normal img-overlay\"><img loading=\"lazy\" decoding=\"async\" src=\"https:\/\/test.kithera.gr\/wp-content\/uploads\/2022\/06\/monopatia-pezoporias-kythira.jpg\" alt=\"\u039c\u03bf\u03bd\u03bf\u03c0\u03b1\u03c4\u03b9\u03b1 \u03c3\u03c4\u03b1 \u03ba\u03c5\u03b8\u03b7\u03c1\u03b1\" width=\"1098\" height=\"500\">\n<div class=\"box\">\n<h3>SENTIERI<\/h3>\n<p>Tutti i sentieri segnalati a Citera \u27bc<\/p>\n<\/div>\n<a class=\"masonry_link\" href=\"https:\/\/test.kithera.gr\/it\/attivita-a-citera\/sentieri-escursionistici\/\"><\/a>\n<\/div>\n\n<div class=\"normal img-overlay\"><img loading=\"lazy\" decoding=\"async\" src=\"https:\/\/test.kithera.gr\/wp-content\/uploads\/2022\/06\/thalasia-spor.jpg\" alt=\"Attivit\u00e0 a Citera\" width=\"1200\" height=\"500\">\n<div class=\"box\">\n<h3>SPORT MARE<\/h3>\n<p>Sea bike, canoe, immersioni \u27bc<\/p>\n<\/div>\n<a class=\"masonry_link\" href=\"https:\/\/test.kithera.gr\/it\/attivita-a-citera\/sport-acquatici-a-citera\/\"><\/a>\n<\/div>\n\n<div class=\"normal img-overlay\"><img loading=\"lazy\" decoding=\"async\" src=\"https:\/\/test.kithera.gr\/wp-content\/uploads\/2022\/06\/ekdromes-kythira.jpg\" alt=\"Escursioni Citera\" width=\"1200\" height=\"500\">\n<div class=\"box\">\n<h3>ESCURSIONI<\/h3>\n<p>Gite di un giorno intorno all&#8217;isola \u27bc<\/p>\n<\/div>\n<a class=\"masonry_link\" href=\"https:\/\/test.kithera.gr\/it\/attivita-a-citera\/escursioni-a-citera\/\"><\/a>\n<\/div>\n\n<div class=\"panorama img-overlay\"><img loading=\"lazy\" decoding=\"async\" src=\"https:\/\/test.kithera.gr\/wp-content\/uploads\/2022\/12\/sports-kythira-2.jpg\" alt=\"sport citera\" width=\"1600\" height=\"385\">\n<div class=\"box\">\n<h3>SPORT<\/h3>\n<p>Impianti sportivi, Palestre \u27bc<\/p>\n<\/div>\n<a class=\"masonry_link\" href=\"https:\/\/test.kithera.gr\/it\/attivita-a-citera\/sport-a-citera\/\"><\/a>\n<\/div>\n\n<\/div>\n\n<div class=\"infobox\">\n<!-- GOOGLE ADDS -->\n<\/div>\n\n<div class=\"infobox\">\n<h2>Consigli utili per una piacevole vacanza a Citera.<\/h2>\n<p>Il primo passo per organizzare in modo semplice e veloce le tue vacanze estive \u00e8 informarti sulle tratte in nave, aereo o autobus da Atene a Citera, a seconda del mezzo con cui vuoi raggiungere l&#8217;isola di Afrodite.\nSoprattutto durante la stagione estiva, occupati dell&#8217;emissione dei tuoi biglietti per tempo, a patto di portare l&#8217;auto con te, il prima possibile prima della data di partenza, e di prenotare il tuo alloggio.\n\u00c8 importante non dimenticare di portare con s\u00e9 la carta d&#8217;identit\u00e0, il passaporto, la patente di guida o qualsiasi altro documento necessario per potersi imbarcare sulla nave o sull&#8217;aereo.\nScopri quali sono le attuali misure contro il covid-19 per chi viaggia.<\/p>\n<\/div>\n\n<\/div>\n<div class='footeradsense'><h4>Enjoyed this article?<\/h4><p>Subscribe to our  <a href=\"http:\/\/feed.example.com\" target=\"_blank\" rel=\"noopener\">RSS feed<\/a> and never miss updates!<\/p><\/div>","protected":false},"excerpt":{"rendered":"<p>Attivit\u00e0 a Citera Sport acquatici, Immersioni, Sentieri escursionistici! Citera ha un ambiente naturale meraviglioso e allo stesso tempo unico, che colpisce immediatamente chi visita l&#8217;isola per la prima volta. La ricca vegetazione e le abbondanti acque correnti, che spesso ricordano una regione continentale, insieme all&#8217;autentico paesaggio tradizionale, sono una promessa per chi ama camminare e [&hellip;]<\/p>\n","protected":false},"author":1,"featured_media":0,"parent":0,"menu_order":0,"comment_status":"closed","ping_status":"closed","template":"template\/template-homepage.php","meta":{"footnotes":""},"class_list":["post-32216","page","type-page","status-publish","hentry"],"_links":{"self":[{"href":"https:\/\/test.kithera.gr\/it\/wp-json\/wp\/v2\/pages\/32216","targetHints":{"allow":["GET"]}}],"collection":[{"href":"https:\/\/test.kithera.gr\/it\/wp-json\/wp\/v2\/pages"}],"about":[{"href":"https:\/\/test.kithera.gr\/it\/wp-json\/wp\/v2\/types\/page"}],"author":[{"embeddable":true,"href":"https:\/\/test.kithera.gr\/it\/wp-json\/wp\/v2\/users\/1"}],"replies":[{"embeddable":true,"href":"https:\/\/test.kithera.gr\/it\/wp-json\/wp\/v2\/comments?post=32216"}],"version-history":[{"count":0,"href":"https:\/\/test.kithera.gr\/it\/wp-json\/wp\/v2\/pages\/32216\/revisions"}],"wp:attachment":[{"href":"https:\/\/test.kithera.gr\/it\/wp-json\/wp\/v2\/media?parent=32216"}],"curies":[{"name":"wp","href":"https:\/\/api.w.org\/{rel}","templated":true}]}}