{"id":32198,"date":"2022-06-17T18:18:22","date_gmt":"2022-06-17T15:18:22","guid":{"rendered":"https:\/\/test.kithera.gr\/mercato-citera\/bazar-locale-a-citera\/"},"modified":"2022-12-25T19:22:19","modified_gmt":"2022-12-25T17:22:19","slug":"bazar-locale-a-citera","status":"publish","type":"page","link":"https:\/\/test.kithera.gr\/it\/mercato-citera\/bazar-locale-a-citera\/","title":{"rendered":"Bazar locale a Citera"},"content":{"rendered":"\n<p><\/p>\n\n<div class=\"page-container\">\r\n<div class=\"infobox\">\r\n<h1>Mercato locale a Citera<\/h1>\r\n\r\n<div class=\"page-img\">\r\n<img decoding=\"async\" src=\"https:\/\/test.kithera.gr\/wp-content\/uploads\/2022\/06\/topiko-pazari.jpg\" alt=\"Citera Cinema\"\/>\r\n<\/div>\r\n\r\n<p>\u00c8 davvero prezioso oggigiorno, quando ognuno di noi ha la possibilit\u00e0 di procurarsi prodotti locali puri.\r\nI due bazar che si svolgono a Kythira, a Livadi ogni mercoled\u00ec pomeriggio durante la stagione estiva, e a Potamos ogni domenica mattina durante tutto l&#8217;anno, offrono esattamente questa opportunit\u00e0.Il bazar di Potamos, con una storia di decenni, \u00e8 stato un importante centro commerciale e attivit\u00e0 sociale per Kythira . Guarda il <a href=\"https:\/\/www.youtube.com\/watch?v=HHF7LcENasA&#038;t=457s\" target=\"_blank\" rel=\"noopener\">video dal bazar Potamos del 1972<\/a>.<br\/>\r\nQui troverai frutta, verdura, erbe aromatiche, uova, formaggi, tutto fresco dai frutteti e dai laboratori di piccoli produttori, oltre che dalle famiglie. Troverai anche miele, vino locale, dolci tradizionali, torte e persino deliziosi cibi cucinati dalle casalinghe dell&#8217;isola.<br\/>Il bazar di Potamos ogni domenica mattina e il bazar di Livadi ogni mercoled\u00ec pomeriggio.\r\n<\/p>\r\n\r\n<img decoding=\"async\" style=\"padding-bottom:40px;\" src=\"https:\/\/test.kithera.gr\/wp-content\/uploads\/2022\/10\/pazari-potamos-kythira-1.jpg\" alt=\"pazari potamos Kythira\"\/>\r\n<img decoding=\"async\" style=\"padding-bottom:20px;\" src=\"https:\/\/test.kithera.gr\/wp-content\/uploads\/2022\/10\/pazari-potamos-kythira-2.jpg\" alt=\"Bazar locale a Citera\"\/>\r\n\r\n<b>Vista dal bazar locale a Potamos.<\/b>\r\n\r\n<\/div>\r\n<\/div>\n<div class='footeradsense'><h4>Enjoyed this article?<\/h4><p>Subscribe to our  <a href=\"http:\/\/feed.example.com\" target=\"_blank\" rel=\"noopener\">RSS feed<\/a> and never miss updates!<\/p><\/div>","protected":false},"excerpt":{"rendered":"<p>Mercato locale a Citera \u00c8 davvero prezioso oggigiorno, quando ognuno di noi ha la possibilit\u00e0 di procurarsi prodotti locali puri. I due bazar che si svolgono a Kythira, a Livadi ogni mercoled\u00ec pomeriggio durante la stagione estiva, e a Potamos ogni domenica mattina durante tutto l&#8217;anno, offrono esattamente questa opportunit\u00e0.Il bazar di Potamos, con una [&hellip;]<\/p>\n","protected":false},"author":1,"featured_media":0,"parent":32158,"menu_order":0,"comment_status":"closed","ping_status":"closed","template":"template\/template-homepage.php","meta":{"footnotes":""},"class_list":["post-32198","page","type-page","status-publish","hentry"],"_links":{"self":[{"href":"https:\/\/test.kithera.gr\/it\/wp-json\/wp\/v2\/pages\/32198","targetHints":{"allow":["GET"]}}],"collection":[{"href":"https:\/\/test.kithera.gr\/it\/wp-json\/wp\/v2\/pages"}],"about":[{"href":"https:\/\/test.kithera.gr\/it\/wp-json\/wp\/v2\/types\/page"}],"author":[{"embeddable":true,"href":"https:\/\/test.kithera.gr\/it\/wp-json\/wp\/v2\/users\/1"}],"replies":[{"embeddable":true,"href":"https:\/\/test.kithera.gr\/it\/wp-json\/wp\/v2\/comments?post=32198"}],"version-history":[{"count":0,"href":"https:\/\/test.kithera.gr\/it\/wp-json\/wp\/v2\/pages\/32198\/revisions"}],"up":[{"embeddable":true,"href":"https:\/\/test.kithera.gr\/it\/wp-json\/wp\/v2\/pages\/32158"}],"wp:attachment":[{"href":"https:\/\/test.kithera.gr\/it\/wp-json\/wp\/v2\/media?parent=32198"}],"curies":[{"name":"wp","href":"https:\/\/api.w.org\/{rel}","templated":true}]}}