{"id":32166,"date":"2022-10-21T19:23:04","date_gmt":"2022-10-21T16:23:04","guid":{"rendered":"https:\/\/test.kithera.gr\/mercato-citera\/prodotti-locali-di-citera\/"},"modified":"2022-12-25T18:58:39","modified_gmt":"2022-12-25T16:58:39","slug":"prodotti-locali-di-citera","status":"publish","type":"page","link":"https:\/\/test.kithera.gr\/it\/mercato-citera\/prodotti-locali-di-citera\/","title":{"rendered":"Prodotti locali di Citera"},"content":{"rendered":"\n<div class=\"page-container\">\r\n\r\n<div class=\"infobox\">\r\n<h1>Miele di timo.<\/h1>\r\n<div class=\"page-img\">\r\n<img loading=\"lazy\" decoding=\"async\" src=\"https:\/\/test.kithera.gr\/wp-content\/uploads\/2022\/10\/meli-kythiron-2.jpg\" alt=\"Meli Kythira\" width=\"1160\" height=\"377\"\/>\r\n<\/div>\r\n<p>\u00c8 il prodotto pi\u00f9 famoso di Kythira e questo \u00e8 dovuto al suo gusto meraviglioso, perch\u00e9 \u00e8 prodotto dal timo che d\u00e0 anche l&#8217;aroma pi\u00f9 gradevole rispetto ad altri mieli. Lo zar di Russia Alessio I ha scelto esclusivamente il miele di Citera! <br\/>\r\nPi\u00f9 in generale, il miele come alimento umano \u00e8 uno degli alimenti pi\u00f9 preziosi, nutrienti e salutari. Ippocrate e tutti i dottori dell&#8217;antichit\u00e0 lo consigliavano come medicinale in molti casi. A Kythira, tra le altre cose, c&#8217;\u00e8 la Cooperativa Apicola di Kythira per sostenere i produttori, migliorare il prodotto, correggere la standardizzazione e aumentare la produzione. Puoi acquistare miele certificato dalla <a href=\"https:\/\/test.kithera.gr\/it\/\">Cooperativa di apicoltura di Citera<\/a> o dai produttori dell&#8217;isola.<\/p>\r\n<\/div>\r\n\r\n<div class=\"infobox\">\r\n<h1>Olio noci.<\/h1>\r\n<div class=\"page-img\">\r\n<img loading=\"lazy\" decoding=\"async\" src=\"https:\/\/test.kithera.gr\/wp-content\/uploads\/2022\/10\/paximadia-kythira-2.jpg\" alt=\"Paximadia Kythira\" width=\"1060\" height=\"377\"\/>\r\n<\/div>\r\n<p>Chi li prova per la prima volta ne diventa un fanatico fin dal primo momento, e questo grazie al loro gusto unico e al loro valore nutrizionale. La variet\u00e0 di cibi con cui le noci sono deliziosamente abbinate \u00e8 impressionante, dall&#8217;immersione in bevande come t\u00e8, caff\u00e8, salvia, latte, all&#8217;insalata o anche al naturale. A <a href=\"https:\/\/test.kithera.gr\/it\/isola-citera\/\">Citera<\/a> li troverai ovunque, sia nei panifici dell&#8217;isola che sono anche i loro principali produttori, sia nei negozi di alimentari o nei supermercati .<\/p>\r\n<\/div>\r\n\r\n<div class=\"infobox\">\r\n<h1>Sembrevive.<\/h1>\r\n<div class=\"page-img\">\r\n<img loading=\"lazy\" decoding=\"async\" src=\"https:\/\/test.kithera.gr\/wp-content\/uploads\/2022\/10\/sembrevives-kythira-3.jpg\" alt=\"Sembrevives Kythira\" width=\"1160\" height=\"377\"\/>\r\n<\/div>\r\n<p>Sebrevives significa che vivono per sempre, i fiori con i piccoli fiori gialli rotondi sono anche chiamati &#8220;Amaranto di Citera&#8221;. Li troviamo arroccati su rocce scoscese, come se la difficolt\u00e0 di raccoglierli fosse ricompensata anche dal senso di eternit\u00e0 che simboleggiano. Quando lasci l&#8217;isola, non dimenticare di portare con te, in modo da mantenere vivo il ricordo di Kythira per sempre.<\/p>\r\n<\/div>\r\n\r\n<div class=\"infobox\">\r\n<h1>Olio d&#8217;oliva.<\/h1>\r\n<div class=\"page-img\">\r\n<img loading=\"lazy\" decoding=\"async\" src=\"https:\/\/test.kithera.gr\/wp-content\/uploads\/2022\/10\/ladi-kythiron-2.jpg\" alt=\"Olio d'oliva Citera\" width=\"1160\" height=\"377\"\/>\r\n<\/div>\r\n<p>L&#8217;olio d&#8217;oliva, il frutto benedetto dell&#8217;olivo, simbolo di pace, \u00e8 il prodotto principale di Citera. La sua coltivazione ha una storia millenaria in tutto il bacino del Mediterraneo. A Kythira vedrai ovunque vaste aree di uliveti. La variet\u00e0 di olive che prospera, grazie al buon clima, \u00e8 la Koroneiki. Una coppa con olive intere (1450 a.C.), trovata in un pozzo nel palazzo di Zakros nella Creta orientale, mostra che fin dal periodo minoico usavano le olive nella loro dieta.<\/p>\r\n<\/div>\r\n\r\n<\/div>\n<div class='footeradsense'><h4>Enjoyed this article?<\/h4><p>Subscribe to our  <a href=\"http:\/\/feed.example.com\" target=\"_blank\" rel=\"noopener\">RSS feed<\/a> and never miss updates!<\/p><\/div>","protected":false},"excerpt":{"rendered":"<p>Miele di timo. \u00c8 il prodotto pi\u00f9 famoso di Kythira e questo \u00e8 dovuto al suo gusto meraviglioso, perch\u00e9 \u00e8 prodotto dal timo che d\u00e0 anche l&#8217;aroma pi\u00f9 gradevole rispetto ad altri mieli. Lo zar di Russia Alessio I ha scelto esclusivamente il miele di Citera! Pi\u00f9 in generale, il miele come alimento umano \u00e8 [&hellip;]<\/p>\n","protected":false},"author":1,"featured_media":0,"parent":32158,"menu_order":0,"comment_status":"closed","ping_status":"closed","template":"template\/template-homepage.php","meta":{"footnotes":""},"class_list":["post-32166","page","type-page","status-publish","hentry"],"_links":{"self":[{"href":"https:\/\/test.kithera.gr\/it\/wp-json\/wp\/v2\/pages\/32166","targetHints":{"allow":["GET"]}}],"collection":[{"href":"https:\/\/test.kithera.gr\/it\/wp-json\/wp\/v2\/pages"}],"about":[{"href":"https:\/\/test.kithera.gr\/it\/wp-json\/wp\/v2\/types\/page"}],"author":[{"embeddable":true,"href":"https:\/\/test.kithera.gr\/it\/wp-json\/wp\/v2\/users\/1"}],"replies":[{"embeddable":true,"href":"https:\/\/test.kithera.gr\/it\/wp-json\/wp\/v2\/comments?post=32166"}],"version-history":[{"count":0,"href":"https:\/\/test.kithera.gr\/it\/wp-json\/wp\/v2\/pages\/32166\/revisions"}],"up":[{"embeddable":true,"href":"https:\/\/test.kithera.gr\/it\/wp-json\/wp\/v2\/pages\/32158"}],"wp:attachment":[{"href":"https:\/\/test.kithera.gr\/it\/wp-json\/wp\/v2\/media?parent=32166"}],"curies":[{"name":"wp","href":"https:\/\/api.w.org\/{rel}","templated":true}]}}