{"id":32158,"date":"2022-05-12T15:22:05","date_gmt":"2022-05-12T12:22:05","guid":{"rendered":"https:\/\/test.kithera.gr\/?page_id=32158"},"modified":"2025-03-13T19:12:51","modified_gmt":"2025-03-13T17:12:51","slug":"mercato-citera","status":"publish","type":"page","link":"https:\/\/test.kithera.gr\/it\/mercato-citera\/","title":{"rendered":"Mercato a Citera"},"content":{"rendered":"\n<div class=\"page-container\">\n\n<div class=\"infobox bg-5\">\n<h1>Mercato a Citera<\/h1>\n<p>Scopri gli autentici <b>prodotti locali<\/b> e dove trovare il famoso miele di timo di Citera, le deliziose noci oleose, i fiori di cebrevibus che non appassiscono mai.<br>\nDai un&#8217;occhiata ad alcuni dei <b>negozi<\/b> pi\u00f9 carini dell&#8217;isola, con articoli da regalo, autentici prodotti locali, librerie, gioielli, opere d&#8217;arte e altro ancora.<br>\n<b>Bazar locale<\/b> in Piazza Potamos, in estate e a Livadi, con prodotti freschi di produttori locali che vale sicuramente la pena provare.<br>\nElenco telefonico con <b>Servizi<\/b> del Comune di Kythira, Autorit\u00e0 Portuale, Ospedale, Farmacie, giornali locali, radio, professionisti, associazioni, istituzioni e tanti numeri di telefono utili.<\/p>\n<\/div>\n\n<div class=\"masonry-wrapper\">\n\n<div class=\"tall img-overlay\"><img decoding=\"async\" src=\"https:\/\/test.kithera.gr\/wp-content\/uploads\/2022\/06\/topika-proionta-kythira.jpg\" alt=\"Prodotti Citera\">\n<div class=\"box\">\n<h3>PRODOTTI LOCALI<\/h3>\n<p>Miele di Citera a base di timo, le deliziose noci oleose, semprevive \u27bc<\/p>\n<\/div>\n<a class=\"masonry_link\" href=\"https:\/\/test.kithera.gr\/it\/mercato-citera\/prodotti-locali-di-citera\/\"><\/a>\n<\/div>\n\n<div class=\"wide img-overlay\"><img decoding=\"async\" src=\"https:\/\/test.kithera.gr\/wp-content\/uploads\/2022\/06\/katastimata-kythira.jpg\" alt=\"Mercato a Citera\">\n<div class=\"box\">\n<h3>NEGOZI<\/h3>\n<p>Regali, gioielli, opere d&#8217;arte, libri, professionisti \u27bc<\/p>\n<\/div>\n<a class=\"masonry_link\" href=\"https:\/\/test.kithera.gr\/it\/citera-isola\/negozi-citera\/\"><\/a>\n<\/div>\n\n<div class=\"smole img-overlay\"><img decoding=\"async\" src=\"https:\/\/test.kithera.gr\/wp-content\/uploads\/2022\/06\/topiko-pazari.jpg\" alt=\"Bazar\">\n<div class=\"box\">\n<h3>Bazar<\/h3>\n<p>Prodotti locali di produttori locali. \u27bc<\/p>\n<\/div>\n<a class=\"masonry_link\" href=\"https:\/\/test.kithera.gr\/it\/mercato-citera\/bazar-locale-a-citera\/\"><\/a>\n<\/div>\n\n<div class=\"smole img-overlay\"><img decoding=\"async\" src=\"https:\/\/test.kithera.gr\/wp-content\/uploads\/2022\/06\/ypiresies.jpg\" alt=\"Servizi a Citera\">\n<div class=\"box\">\n<h3>SERVIZI<\/h3>\n<p>Elenco telefonico, Comune di Citera, Autorit\u00e0 portuale, Polizia, Ospedale, ecc  \u27bc<\/p>\n<\/div>\n<a class=\"masonry_link\" href=\"https:\/\/test.kithera.gr\/it\/mercato-citera\/servizi-a-citera\/\"><\/a>\n<\/div>\n\n<\/div>\n\n<div class=\"infobox\">\n<!-- GOOGLE ADDS -->\n<\/div>\n\n<div class=\"infobox\">\n<h2>Consigli utili per una piacevole vacanza a Citera.<\/h2>\n<p>Il primo passo per organizzare in modo semplice e veloce le tue vacanze estive \u00e8 informarti sulle tratte in nave, aereo o autobus da Atene a Citera, a seconda del mezzo con cui vuoi raggiungere l&#8217;isola di Afrodite.\nSoprattutto durante la stagione estiva, occupati dell&#8217;emissione dei tuoi biglietti per tempo, a patto di portare l&#8217;auto con te, il prima possibile prima della data di partenza, e di prenotare il tuo alloggio.\n\u00c8 importante non dimenticare di portare con s\u00e9 la carta d&#8217;identit\u00e0, il passaporto, la patente di guida o qualsiasi altro documento necessario per potersi imbarcare sulla nave o sull&#8217;aereo.\nScopri quali sono le attuali misure contro il covid-19 per chi viaggia.<\/p>\n<\/div>\n\n<\/div>\n<div class='footeradsense'><h4>Enjoyed this article?<\/h4><p>Subscribe to our  <a href=\"http:\/\/feed.example.com\" target=\"_blank\" rel=\"noopener\">RSS feed<\/a> and never miss updates!<\/p><\/div>","protected":false},"excerpt":{"rendered":"<p>Mercato a Citera Scopri gli autentici prodotti locali e dove trovare il famoso miele di timo di Citera, le deliziose noci oleose, i fiori di cebrevibus che non appassiscono mai. Dai un&#8217;occhiata ad alcuni dei negozi pi\u00f9 carini dell&#8217;isola, con articoli da regalo, autentici prodotti locali, librerie, gioielli, opere d&#8217;arte e altro ancora. Bazar locale [&hellip;]<\/p>\n","protected":false},"author":1,"featured_media":0,"parent":0,"menu_order":0,"comment_status":"closed","ping_status":"closed","template":"template\/template-homepage.php","meta":{"footnotes":""},"class_list":["post-32158","page","type-page","status-publish","hentry"],"_links":{"self":[{"href":"https:\/\/test.kithera.gr\/it\/wp-json\/wp\/v2\/pages\/32158","targetHints":{"allow":["GET"]}}],"collection":[{"href":"https:\/\/test.kithera.gr\/it\/wp-json\/wp\/v2\/pages"}],"about":[{"href":"https:\/\/test.kithera.gr\/it\/wp-json\/wp\/v2\/types\/page"}],"author":[{"embeddable":true,"href":"https:\/\/test.kithera.gr\/it\/wp-json\/wp\/v2\/users\/1"}],"replies":[{"embeddable":true,"href":"https:\/\/test.kithera.gr\/it\/wp-json\/wp\/v2\/comments?post=32158"}],"version-history":[{"count":0,"href":"https:\/\/test.kithera.gr\/it\/wp-json\/wp\/v2\/pages\/32158\/revisions"}],"wp:attachment":[{"href":"https:\/\/test.kithera.gr\/it\/wp-json\/wp\/v2\/media?parent=32158"}],"curies":[{"name":"wp","href":"https:\/\/api.w.org\/{rel}","templated":true}]}}