{"id":32046,"date":"2022-05-12T15:22:54","date_gmt":"2022-05-12T12:22:54","guid":{"rendered":"https:\/\/test.kithera.gr\/?page_id=32046"},"modified":"2025-03-14T20:39:31","modified_gmt":"2025-03-14T18:39:31","slug":"uscita-a-citera","status":"publish","type":"page","link":"https:\/\/test.kithera.gr\/it\/uscita-a-citera\/","title":{"rendered":"Uscita a Citera"},"content":{"rendered":"\n<div class=\"page-container\">\n\n<div class=\"infobox bg-2\">\n<h1>Uscita per Citera<\/h1>\n<p>Scopri la deliziosa cucina locale, conosci i ristoranti, le taverne tradizionali con ricette locali, le taverne di pesce con i frutti di mare dei mari dell&#8217;isola, i negozi di ouzo e mezedo.<br>\nScopri alcuni dei posti migliori dell&#8217;isola per il tuo caff\u00e8, drink e vita notturna.<br>\nUna proposta alternativa per la tua serata fuori, le proiezioni selezionate dal cinema club di Kythira e la sala polivalente Zidoros. <br>\nEventi culturali del Festival del Comune di Citera, mostre, teatro, concerti di musica, arte.<\/p>\n<\/div>\n\n<div class=\"masonry-wrapper\">\n\n<div class=\"tall img-overlay\"><img decoding=\"async\" src=\"https:\/\/test.kithera.gr\/wp-content\/uploads\/2022\/06\/kafe-kythira.jpg\" alt=\"Uscita a Citera\">\n<div class=\"box\">\n<h3>CAFF\u00c8 E BAR<\/h3>\n<p>Caff\u00e8 tradizionali, caffetterie, bar. \u27bc<\/p>\n<\/div>\n<a class=\"masonry_link\" href=\"https:\/\/test.kithera.gr\/it\/citera-isola\/bar-caffetteria-citera\/\"><\/a>\n<\/div>\n\n<div class=\"wide img-overlay\"><img decoding=\"async\" src=\"https:\/\/test.kithera.gr\/wp-content\/uploads\/2022\/06\/estiatoria-kythira.jpg\" alt=\"Ristoranti a Citera\">\n<div class=\"box\">\n<h3>RISTORANTE<\/h3>\n<p>Taverne, Ristoranti, Ouzi, Cucina tradizionale. \u27bc<\/p>\n<\/div>\n<a class=\"masonry_link\" href=\"https:\/\/test.kithera.gr\/it\/citera-isola\/ristoranti-citera\/\"><\/a>\n<\/div>\n\n<div class=\"smole img-overlay\"><img decoding=\"async\" src=\"https:\/\/test.kithera.gr\/wp-content\/uploads\/2022\/06\/politistikes-ekdiloseis.jpg\" alt=\"Citera Festival\">\n<div class=\"box\">\n<h3>FESTIVAL<\/h3>\n<p>Programma di eventi culturali \u27bc<\/p>\n<\/div>\n<a class=\"masonry_link\" href=\"https:\/\/test.kithera.gr\/it\/uscita-a-citera\/citera-festival\/\"><\/a>\n<\/div>\n\n<div class=\"smole img-overlay\"><img decoding=\"async\" src=\"https:\/\/test.kithera.gr\/wp-content\/uploads\/2022\/06\/nyxterini-zoi-kythira.jpg\" alt=\"Citera\">\n<div class=\"box\">\n<h3>VITA NOTTURNA<\/h3>\n<p>Suggerimenti per la tua serata fuori a Citera. \u27bc<\/p>\n<\/div>\n<a class=\"masonry_link\" href=\"https:\/\/test.kithera.gr\/it\/uscita-a-citera\/vita-notturna-a-citera\/\"><\/a>\n<\/div>\n\n<div class=\"wide img-overlay\"><img decoding=\"async\" src=\"https:\/\/test.kithera.gr\/wp-content\/uploads\/2022\/06\/cinema-kythira.jpg\" alt=\"Cultura a Citera\">\n<div class=\"box\">\n<h3>CULTURA<\/h3>\n<p>Cinema, Biblioteca Comunale, Pinacoteche \u27bc<\/p>\n<\/div>\n<a class=\"masonry_link\" href=\"https:\/\/test.kithera.gr\/it\/citera-isola\/cultura\/\"><\/a>\n<\/div>\n\n<div class=\"smole img-overlay\"><img decoding=\"async\" src=\"https:\/\/test.kithera.gr\/wp-content\/uploads\/2022\/06\/mouseia-kythira.jpg\" alt=\"Musei di Citera\">\n<div class=\"box\">\n<h3>MUSEO<\/h3>\n<p>Museo Archeologico, Museo delle Icone Bizantine, Museo dei Sigilli \u27bc<\/p>\n<\/div>\n<a class=\"masonry_link\" href=\"https:\/\/test.kithera.gr\/it\/citera-isola\/musei\/\"><\/a>\n<\/div>\n\n<\/div>\n\n<div class=\"infobox\">\n<!-- GOOGLE ADDS -->\n<\/div>\n\n<div class=\"infobox\">\n<h2>Consigli utili per una piacevole vacanza a Citera.<\/h2>\n<p>Il primo passo per organizzare in modo semplice e veloce le tue vacanze estive \u00e8 informarti sulle tratte in nave, aereo o autobus da Atene a Citera, a seconda del mezzo con cui vuoi raggiungere l&#8217;isola di Afrodite.\nSoprattutto durante la stagione estiva, occupati dell&#8217;emissione dei tuoi biglietti per tempo, a patto di portare l&#8217;auto con te, il prima possibile prima della data di partenza, e di prenotare il tuo alloggio.\n\u00c8 importante non dimenticare di portare con s\u00e9 la carta d&#8217;identit\u00e0, il passaporto, la patente di guida o qualsiasi altro documento necessario per potersi imbarcare sulla nave o sull&#8217;aereo.\nScopri quali sono le attuali misure contro il covid-19 per chi viaggia.<\/p>\n<\/div>\n\n<\/div>\n<div class='footeradsense'><h4>Enjoyed this article?<\/h4><p>Subscribe to our  <a href=\"http:\/\/feed.example.com\" target=\"_blank\" rel=\"noopener\">RSS feed<\/a> and never miss updates!<\/p><\/div>","protected":false},"excerpt":{"rendered":"<p>Uscita per Citera Scopri la deliziosa cucina locale, conosci i ristoranti, le taverne tradizionali con ricette locali, le taverne di pesce con i frutti di mare dei mari dell&#8217;isola, i negozi di ouzo e mezedo. Scopri alcuni dei posti migliori dell&#8217;isola per il tuo caff\u00e8, drink e vita notturna. Una proposta alternativa per la tua [&hellip;]<\/p>\n","protected":false},"author":1,"featured_media":0,"parent":0,"menu_order":0,"comment_status":"closed","ping_status":"closed","template":"template\/template-homepage.php","meta":{"footnotes":""},"class_list":["post-32046","page","type-page","status-publish","hentry"],"_links":{"self":[{"href":"https:\/\/test.kithera.gr\/it\/wp-json\/wp\/v2\/pages\/32046","targetHints":{"allow":["GET"]}}],"collection":[{"href":"https:\/\/test.kithera.gr\/it\/wp-json\/wp\/v2\/pages"}],"about":[{"href":"https:\/\/test.kithera.gr\/it\/wp-json\/wp\/v2\/types\/page"}],"author":[{"embeddable":true,"href":"https:\/\/test.kithera.gr\/it\/wp-json\/wp\/v2\/users\/1"}],"replies":[{"embeddable":true,"href":"https:\/\/test.kithera.gr\/it\/wp-json\/wp\/v2\/comments?post=32046"}],"version-history":[{"count":0,"href":"https:\/\/test.kithera.gr\/it\/wp-json\/wp\/v2\/pages\/32046\/revisions"}],"wp:attachment":[{"href":"https:\/\/test.kithera.gr\/it\/wp-json\/wp\/v2\/media?parent=32046"}],"curies":[{"name":"wp","href":"https:\/\/api.w.org\/{rel}","templated":true}]}}