{"id":31996,"date":"2022-05-12T15:21:49","date_gmt":"2022-05-12T12:21:49","guid":{"rendered":"https:\/\/test.kithera.gr\/?page_id=31996"},"modified":"2025-03-13T10:15:55","modified_gmt":"2025-03-13T08:15:55","slug":"trasferimento-a-citera","status":"publish","type":"page","link":"https:\/\/test.kithera.gr\/it\/trasferimento-a-citera\/","title":{"rendered":"Trasferimento a Citera"},"content":{"rendered":"\n<div class=\"page-container\">\n\n<div class=\"infobox bg-4\">\n<h1>Trasferimento a Citera<\/h1>\n<p>Nella nostra guida turistica puoi vedere alcune delle migliori strutture ricettive per il tuo soggiorno a Citera, come hotel, camere in affitto, case, ville e campeggi. Alcuni si trovano vicino al mare e altri nell&#8217;entroterra, ed entrambi i casi promettono incantevoli paesaggi naturali e un ambiente tranquillo. A Citera avrai l&#8217;opportunit\u00e0 di scegliere per il tuo soggiorno, in moderne infrastrutture turistiche, ma anche in meravigliosi edifici tradizionali rinnovati con tutti i comfort per il tuo soggiorno confortevole.<\/p>\n<\/div>\n\n<div class=\"masonry-wrapper\">\n\n<div class=\"tall img-overlay\"><img decoding=\"async\" src=\"https:\/\/test.kithera.gr\/wp-content\/uploads\/2022\/06\/taxi-kythiron.jpg\" alt=\"TAXI citera\">\n<div class=\"box\">\n<h3>\u03a4\u0391\u03a7\u0399<\/h3>\n<p>Elenco telefonico degli automobilisti di Citera. \u27bc<\/p>\n<\/div>\n<a class=\"masonry_link\" href=\"https:\/\/test.kithera.gr\/it\/taxi-a-citera\/\"><\/a>\n<\/div>\n\n<div class=\"wide img-overlay\"><img decoding=\"async\" src=\"https:\/\/test.kithera.gr\/wp-content\/uploads\/2022\/06\/rent-cars-kythira.jpg\" alt=\"Trasferimento a Citera\">\n<div class=\"box\">\n<h3>NOLEGGIO AUTO<\/h3>\n<p>Automobili, Jeep, Due ruote, Biciclette, Biciclette elettriche. \u27bc<\/p>\n<\/div>\n<a class=\"masonry_link\" href=\"https:\/\/test.kithera.gr\/it\/autonoleggio\/\"><\/a>\n<\/div>\n\n<div class=\"smole img-overlay\"><img decoding=\"async\" src=\"https:\/\/test.kithera.gr\/wp-content\/uploads\/2022\/06\/topiki_sygkoinonia.jpg\" alt=\"Trasporto locale Citera\">\n<div class=\"box\">\n<h3>COMUNICAZIONE LOCALE<\/h3>\n<p>Linee di autobus locali. \u27bc<\/p>\n<\/div>\n<a class=\"masonry_link\" href=\"https:\/\/test.kithera.gr\/it\/trasporto-locale-a-citera\/\"><\/a>\n<\/div>\n\n<div class=\"smole img-overlay\"><img decoding=\"async\" src=\"https:\/\/test.kithera.gr\/wp-content\/uploads\/2022\/06\/odiko-diktyo-kythira.jpg\" alt=\"Rete stradale a Citera\">\n<div class=\"box\">\n<h3>RETE STRADALE<\/h3> \n<p>Strade asfaltate, Strade sterrate, Distributori di benzina. \u27bc<\/p>\n<\/div>\n<a class=\"masonry_link\" href=\"https:\/\/test.kithera.gr\/it\/rete-viaria-di-citera\/\"><\/a>\n<\/div>\n\n<\/div><!-- masonry-wrapper -->\n\n\n<div class=\"infobox\">\n<!-- GOOGLE ADDS -->\n<\/div>\n\n<div class=\"infobox\">\n<h2>Consigli utili per una piacevole vacanza a Citera.<\/h2>\n<p>Il primo passo per organizzare in modo semplice e veloce le tue vacanze estive \u00e8 informarti sulle tratte in nave, aereo o autobus da Atene a Citera, a seconda del mezzo con cui vuoi raggiungere l&#8217;isola di Afrodite.\nSoprattutto durante la stagione estiva, occupati dell&#8217;emissione dei tuoi biglietti per tempo, a patto di portare l&#8217;auto con te, il prima possibile prima della data di partenza, e di prenotare il tuo alloggio.\n\u00c8 importante non dimenticare di portare con s\u00e9 la carta d&#8217;identit\u00e0, il passaporto, la patente di guida o qualsiasi altro documento necessario per potersi imbarcare sulla nave o sull&#8217;aereo.\nScopri quali sono le attuali misure contro il covid-19 per chi viaggia.<\/p>\n<\/div>\n\n<\/div>\n\n\n\n<p><\/p>\n<div class='footeradsense'><h4>Enjoyed this article?<\/h4><p>Subscribe to our  <a href=\"http:\/\/feed.example.com\" target=\"_blank\" rel=\"noopener\">RSS feed<\/a> and never miss updates!<\/p><\/div>","protected":false},"excerpt":{"rendered":"<p>Trasferimento a Citera Nella nostra guida turistica puoi vedere alcune delle migliori strutture ricettive per il tuo soggiorno a Citera, come hotel, camere in affitto, case, ville e campeggi. Alcuni si trovano vicino al mare e altri nell&#8217;entroterra, ed entrambi i casi promettono incantevoli paesaggi naturali e un ambiente tranquillo. A Citera avrai l&#8217;opportunit\u00e0 di [&hellip;]<\/p>\n","protected":false},"author":1,"featured_media":0,"parent":0,"menu_order":0,"comment_status":"closed","ping_status":"closed","template":"template\/template-homepage.php","meta":{"footnotes":""},"class_list":["post-31996","page","type-page","status-publish","hentry"],"_links":{"self":[{"href":"https:\/\/test.kithera.gr\/it\/wp-json\/wp\/v2\/pages\/31996","targetHints":{"allow":["GET"]}}],"collection":[{"href":"https:\/\/test.kithera.gr\/it\/wp-json\/wp\/v2\/pages"}],"about":[{"href":"https:\/\/test.kithera.gr\/it\/wp-json\/wp\/v2\/types\/page"}],"author":[{"embeddable":true,"href":"https:\/\/test.kithera.gr\/it\/wp-json\/wp\/v2\/users\/1"}],"replies":[{"embeddable":true,"href":"https:\/\/test.kithera.gr\/it\/wp-json\/wp\/v2\/comments?post=31996"}],"version-history":[{"count":0,"href":"https:\/\/test.kithera.gr\/it\/wp-json\/wp\/v2\/pages\/31996\/revisions"}],"wp:attachment":[{"href":"https:\/\/test.kithera.gr\/it\/wp-json\/wp\/v2\/media?parent=31996"}],"curies":[{"name":"wp","href":"https:\/\/api.w.org\/{rel}","templated":true}]}}