{"id":31755,"date":"2022-12-18T01:04:30","date_gmt":"2022-12-17T23:04:30","guid":{"rendered":"https:\/\/test.kithera.gr\/?page_id=31755"},"modified":"2022-12-18T01:37:27","modified_gmt":"2022-12-17T23:37:27","slug":"diritti-e-obblighi-delle-compagnie-di-navigazione","status":"publish","type":"page","link":"https:\/\/test.kithera.gr\/it\/diritti-e-obblighi-delle-compagnie-di-navigazione\/","title":{"rendered":"Diritti e obblighi delle compagnie di navigazione"},"content":{"rendered":"\n<div class=\"page-container\">\n<h2>Diritti e obblighi delle compagnie di navigazione<\/h2><br>\nLe compagnie di traghetti devono fornire informazioni accurate e complete al pubblico dei passeggeri. Gli agenti delle compagnie marittime hanno l&#8217;obbligo di informare il pubblico dei passeggeri delle alternative, di tutte le tariffe disponibili offerte dalle varie compagnie marittime nonch\u00e9 degli sconti cui hanno diritto.<br>\n\nL&#8217;armatore \u00e8 tenuto ad osservare gli sconti obbligatori per particolari categorie di cittadini:\nIndigenti, 100% di sconto in classe economica\nBambini fino a 5 anni sconto 100% (diritto ad un letto per due)\nBambini dai 5 ai 10 anni sconto del 50%.\nInvalidi di guerra, vittime di guerra, aiutanti o accompagnatori e combattenti della Resistenza Nazionale, sconto del 50% (devono avere diritto a un posto letto nel posto in cui desiderano viaggiare, purch\u00e9 questo posto sia dotato di posti letto.\nPersone diversamente abili con invalidit\u00e0 pari o superiore all&#8217;80%, sconto del 50% in classe economica.\nBambini grandi, sconto del 50% in classe economica.\nPensionati NAT, sconto del 50% in classe economica.\nIn questi casi il passeggero dovr\u00e0 esibire il relativo documento comprovante (carta d&#8217;identit\u00e0 speciale, atto di nascita di minore, plurifiglio, provvedimento dell&#8217;autorit\u00e0 sanitaria, ecc.)<br>\n\nL&#8217;armatore ha l&#8217;obbligo di eseguire accuratamente gli itinerari, di annunciarli pubblicamente con ogni mezzo idoneo e di informare tempestivamente il pubblico della loro esecuzione.\nSoprattutto nei casi di cancellazione o interruzione degli itinerari (ad es. per avaria, condizioni meteorologiche avverse, ecc.), le compagnie armatoriali devono adottare le opportune misure in materia di tempestiva informazione ai passeggeri, di concerto con gli agenti marittimi e le Autorit\u00e0 portuali cooperanti. In caso contrario verranno irrogate le sanzioni massime previste dalla legge, pari a:\na) 37.455 euro (per indebita informazione al pubblico dei passeggeri e altre violazioni dei regolamenti portuali)\nb) 500.000 euro (per questioni di sicurezza della nave e altre violazioni)<br>\n\nLa compagnia di navigazione \u00e8 responsabile del danneggiamento e dello smarrimento dei bagagli all&#8217;interno delle navi, a condizione che gli stessi vengano consegnati in custodia e che venga rilasciata apposita ricevuta. La compagnia, invece, non risponde del furto, danneggiamento o smarrimento del bagaglio, quando il passeggero lo porta con s\u00e9, salvo il caso di atto colposo del comandante o dell&#8217;equipaggio.<br>\nTornare agli  <a href=\"https:\/\/test.kithera.gr\/it\/itinerari-dei-traghetti-per-citera\/\">itinerari dei traghetti per Citera<\/a> \n<\/div>\n<div class='footeradsense'><h4>Enjoyed this article?<\/h4><p>Subscribe to our  <a href=\"http:\/\/feed.example.com\" target=\"_blank\" rel=\"noopener\">RSS feed<\/a> and never miss updates!<\/p><\/div>","protected":false},"excerpt":{"rendered":"<p>Diritti e obblighi delle compagnie di navigazione Le compagnie di traghetti devono fornire informazioni accurate e complete al pubblico dei passeggeri. Gli agenti delle compagnie marittime hanno l&#8217;obbligo di informare il pubblico dei passeggeri delle alternative, di tutte le tariffe disponibili offerte dalle varie compagnie marittime nonch\u00e9 degli sconti cui hanno diritto. L&#8217;armatore \u00e8 tenuto [&hellip;]<\/p>\n","protected":false},"author":1,"featured_media":0,"parent":0,"menu_order":0,"comment_status":"closed","ping_status":"closed","template":"template\/template-homepage.php","meta":{"footnotes":""},"class_list":["post-31755","page","type-page","status-publish","hentry"],"_links":{"self":[{"href":"https:\/\/test.kithera.gr\/it\/wp-json\/wp\/v2\/pages\/31755","targetHints":{"allow":["GET"]}}],"collection":[{"href":"https:\/\/test.kithera.gr\/it\/wp-json\/wp\/v2\/pages"}],"about":[{"href":"https:\/\/test.kithera.gr\/it\/wp-json\/wp\/v2\/types\/page"}],"author":[{"embeddable":true,"href":"https:\/\/test.kithera.gr\/it\/wp-json\/wp\/v2\/users\/1"}],"replies":[{"embeddable":true,"href":"https:\/\/test.kithera.gr\/it\/wp-json\/wp\/v2\/comments?post=31755"}],"version-history":[{"count":0,"href":"https:\/\/test.kithera.gr\/it\/wp-json\/wp\/v2\/pages\/31755\/revisions"}],"wp:attachment":[{"href":"https:\/\/test.kithera.gr\/it\/wp-json\/wp\/v2\/media?parent=31755"}],"curies":[{"name":"wp","href":"https:\/\/api.w.org\/{rel}","templated":true}]}}