{"id":31745,"date":"2022-12-18T00:52:15","date_gmt":"2022-12-17T22:52:15","guid":{"rendered":"https:\/\/test.kithera.gr\/?page_id=31745"},"modified":"2022-12-18T01:35:30","modified_gmt":"2022-12-17T23:35:30","slug":"diritti-obblighi-dei-passeggeri","status":"publish","type":"page","link":"https:\/\/test.kithera.gr\/it\/diritti-obblighi-dei-passeggeri\/","title":{"rendered":"Diritti Obblighi dei Passeggeri"},"content":{"rendered":"\n<div class=\"page-container\">\n<b>Diritti dei passeggeri<\/b><br>\nIn caso di ritardo, il passeggero ha diritto a rimanere a bordo fino alla partenza. In caso di prolungamento del ritardo, ma anche in caso di annullamento dell&#8217;itinerario per colpa dell&#8217;armatore, il passeggero pu\u00f2 annullare il proprio biglietto ed ha diritto al rimborso delle somme versate. In alternativa, ha diritto alla copertura delle spese di vitto e alloggio fino alla partenza. In questo caso \u00e8 compreso anche il diritto al risarcimento.\nSe un passeggero che ha &#8220;tagliato&#8221; un biglietto viene lasciato fuori dalla nave per overbooking, deve avvisare l&#8217;autorit\u00e0 portuale locale, in modo che l&#8217;autorit\u00e0 portuale possa imporre una sanzione amministrativa o notificare al pubblico ministero l&#8217;avvio di un&#8217;azione penale.\nInoltre, in caso di danno a bordo, il passeggero ha diritto o di esigere il rimborso della tariffa proporzionale alla distanza non percorsa, oppure di rimanere sulla nave fino alla ripresa del viaggio, se possibile.\nIn questi casi si stabilisce il diritto al risarcimento.\n\nSe, prima della partenza della nave, il passeggero dichiara di non voler viaggiare, o che per malattia o altro caso fortuito \u00e8 impossibilitato ad imbarcarsi, ha diritto al rimborso della met\u00e0 del prezzo del biglietto.\nAll&#8217;imbarco il passeggero deve presentare il proprio biglietto ed ha diritto ad occupare il posto o la cabina corrispondente indicata sullo stesso. Se non gli viene assegnato il posto concordato, il passeggero pu\u00f2 annullare il suo biglietto e chiedere un risarcimento, a meno che l&#8217;armatore non assegni un altro posto o cabina simile. Nel caso in cui venga posto in un posto inferiore a quello indicato sul suo biglietto, ha diritto a riscuotere la differenza di prezzo.\n\nDurante il viaggio, se il passeggero non dispone del servizio che la compagnia armatoriale deve fornirgli secondo le condizioni di trasporto, pu\u00f2 esprimere il suo reclamo al comandante o al comandante della nave e dopo la fine del viaggio pu\u00f2 rivolgersi alle autorit\u00e0 portuali.\n\nInfine, i passeggeri che viaggiano con una compagnia di crociera hanno diritto al pieno risarcimento in caso di incidente marittimo (come definito dalla legge).\n\nIl passeggero \u00e8 responsabile del carico e scarico del proprio veicolo a bordo. Se il veicolo subisce danni per manomissione del comandante a bordo, il passeggero ha diritto al risarcimento da parte della compagnia proprietaria della nave.<br><br>\n\n<b>Obblighi dei Passeggeri<\/b><br>\nIl passeggero deve leggere attentamente le condizioni riportate sul tagliando del biglietto.\nIl passeggero deve arrivare a bordo prima dell&#8217;orario di partenza previsto. Se \u00e8 il proprietario di un veicolo, deve trovarsi nell&#8217;area di attesa per il carico 1 ora prima della partenza.\nNel caso in cui un passeggero munito di biglietto non arrivi in \u200b\u200borario sulla nave (fino all&#8217;orario di partenza previsto), non ha diritto al rimborso del prezzo del biglietto pagato.\nIl rispetto dei regolamenti della nave e delle istruzioni del comandante \u00e8 responsabilit\u00e0 del passeggero\nSe il passeggero sbarca in un porto intermedio e non alla sua destinazione finale, paga l&#8217;intero biglietto concordato.\nPer il bagaglio del passeggero \u00e8 dovuta una tariffa speciale solo se supera il volume o il peso indicato sul biglietto.\nI passeggeri devono avere con s\u00e9 gli oggetti di cui avranno bisogno durante il viaggio, in quanto dopo la partenza non \u00e8 consentito entrare nell&#8217;area del veicolo.\nAi passeggeri \u00e8 inoltre vietato il trasporto di materiali esplosivi, infiammabili e in genere pericolosi, mentre sono altres\u00ec tenuti al rispetto delle normative Portuali, Sanitarie e Doganali.<br>\nTornare agli  <a href=\"https:\/\/test.kithera.gr\/it\/itinerari-dei-traghetti-per-citera\/\">itinerari dei traghetti per Citera<\/a> \n<\/div>\n<div class='footeradsense'><h4>Enjoyed this article?<\/h4><p>Subscribe to our  <a href=\"http:\/\/feed.example.com\" target=\"_blank\" rel=\"noopener\">RSS feed<\/a> and never miss updates!<\/p><\/div>","protected":false},"excerpt":{"rendered":"<p>Diritti dei passeggeri In caso di ritardo, il passeggero ha diritto a rimanere a bordo fino alla partenza. In caso di prolungamento del ritardo, ma anche in caso di annullamento dell&#8217;itinerario per colpa dell&#8217;armatore, il passeggero pu\u00f2 annullare il proprio biglietto ed ha diritto al rimborso delle somme versate. In alternativa, ha diritto alla copertura [&hellip;]<\/p>\n","protected":false},"author":1,"featured_media":0,"parent":0,"menu_order":0,"comment_status":"closed","ping_status":"closed","template":"template\/template-homepage.php","meta":{"footnotes":""},"class_list":["post-31745","page","type-page","status-publish","hentry"],"_links":{"self":[{"href":"https:\/\/test.kithera.gr\/it\/wp-json\/wp\/v2\/pages\/31745","targetHints":{"allow":["GET"]}}],"collection":[{"href":"https:\/\/test.kithera.gr\/it\/wp-json\/wp\/v2\/pages"}],"about":[{"href":"https:\/\/test.kithera.gr\/it\/wp-json\/wp\/v2\/types\/page"}],"author":[{"embeddable":true,"href":"https:\/\/test.kithera.gr\/it\/wp-json\/wp\/v2\/users\/1"}],"replies":[{"embeddable":true,"href":"https:\/\/test.kithera.gr\/it\/wp-json\/wp\/v2\/comments?post=31745"}],"version-history":[{"count":0,"href":"https:\/\/test.kithera.gr\/it\/wp-json\/wp\/v2\/pages\/31745\/revisions"}],"wp:attachment":[{"href":"https:\/\/test.kithera.gr\/it\/wp-json\/wp\/v2\/media?parent=31745"}],"curies":[{"name":"wp","href":"https:\/\/api.w.org\/{rel}","templated":true}]}}