{"id":31679,"date":"2022-05-12T15:21:28","date_gmt":"2022-05-12T12:21:28","guid":{"rendered":"https:\/\/test.kithera.gr\/?page_id=31679"},"modified":"2022-12-18T18:32:27","modified_gmt":"2022-12-18T16:32:27","slug":"itinerari-citera","status":"publish","type":"page","link":"https:\/\/test.kithera.gr\/it\/itinerari-citera\/","title":{"rendered":"Itinerari per Citera"},"content":{"rendered":"\n<div class=\"page-container\">\n\n<div class=\"infobox bg-1\">\n<h1>Itinerari per Citera<\/h1>\n<p><b>Costiera <\/b>con la nave AQUA JEWEL con collegamenti dal porto del Pireo, Gythio di Laconia, Kasteli di Creta e Kalamata. Il traghetto PORPHYROUSA effettua anche corse giornaliere da Neapoli Laconia.<br>\n<b>In auto<\/b> attraverso il Peloponneso con la tua auto, o con gli autobus KTEL Lakonia, partendo da Atene e andando a Neapolis o Gytheio.<br>\n<b>In aereo<\/b> con le rotte AEGEAN dall&#8217;aeroporto Eleftherios Venizelos, e con SKY Express da Atene, e Heraklion, Zante, Cefalonia, Aktio, Corf\u00f9, durante la stagione estiva.<\/p>\n<\/div>\n\n<div class=\"masonry-wrapper\">\n\n<div class=\"tall img-overlay\"><img decoding=\"async\" src=\"https:\/\/test.kithera.gr\/wp-content\/uploads\/2022\/06\/dromologia-aeroplanon-kythira.jpg\" alt=\"Itinerari per Citera\">\n<div class=\"box\">\n<h3>IN AEREO<\/h3>\n<p>Itinerari di AEGEAN AIR e SKY EXPRESS per Citera \u27bc<\/p>\n<\/div>\n<a class=\"masonry_link\" href=\"https:\/\/test.kithera.gr\/it\/orari-voli-citera\/\"><\/a>\n<\/div>\n\n<div class=\"wide img-overlay\"><img decoding=\"async\" src=\"https:\/\/test.kithera.gr\/wp-content\/uploads\/2022\/06\/dromologia-ploion-kythira.jpg\" alt=\"Orari dei traghetti per Citera\">\n<div class=\"box\">\n<h3>IN NAVE<\/h3>\n<p>Itinerari e Biglietti per la nave AQUA JEWEL dal Pireo e PORPHYROUSSA da Neapoli \u27bc<\/p>\n<\/div>\n<a class=\"masonry_link\" href=\"https:\/\/test.kithera.gr\/it\/itinerari-dei-traghetti-per-citera\/\"><\/a>\n<\/div>\n\n<div class=\"smole img-overlay\"><img decoding=\"async\" src=\"https:\/\/test.kithera.gr\/wp-content\/uploads\/2022\/06\/odikos-kythira.jpg\" alt=\"Itinerari per Citera\">\n<div class=\"box\">\n<h3>SU STRADA<\/h3>\n<p>Viaggia con la tua auto a Gythio, Neapoli e Kissamos \u27bc<\/p>\n<\/div>\n<a class=\"masonry_link\" href=\"https:\/\/test.kithera.gr\/it\/su-strada-fino-a-citera\/\"><\/a>\n<\/div>\n\n<div class=\"smole img-overlay\"><img decoding=\"async\" src=\"https:\/\/test.kithera.gr\/wp-content\/uploads\/2022\/06\/dromologeia-leoforeion-kythira.jpg\" alt=\"Linee di autobus per Citera\">\n<div class=\"box\">\n<h3>AUTOBUS<\/h3>\n<p>Rotte da Atene a Kythira con KTEL Lakonia \u27bc<\/p>\n<\/div>\n<a class=\"masonry_link\" href=\"https:\/\/test.kithera.gr\/it\/autobus-per-citera\/\"><\/a>\n<\/div>\n\n<\/div>\n\n<div class=\"infobox\">\n<!-- GOOGLE ADDS -->\n<\/div>\n\n<div class=\"infobox\">\n<h2>Consigli utili per una piacevole vacanza a Citera.<\/h2>\n<p>Il primo passo per organizzare in modo semplice e veloce le tue vacanze estive \u00e8 informarti sulle tratte in nave, aereo o autobus da Atene a Citera, a seconda del mezzo con cui vuoi raggiungere l&#8217;isola di Afrodite.\nSoprattutto durante la stagione estiva, occupati dell&#8217;emissione dei tuoi biglietti per tempo, a patto di portare l&#8217;auto con te, il prima possibile prima della data di partenza, e di prenotare il tuo alloggio.\n\u00c8 importante non dimenticare di portare con s\u00e9 la carta d&#8217;identit\u00e0, il passaporto, la patente di guida o qualsiasi altro documento necessario per potersi imbarcare sulla nave o sull&#8217;aereo.\nScopri quali sono le attuali misure contro il covid-19 per chi viaggia.<\/p>\n<\/div>\n\n<\/div>\n<div class='footeradsense'><h4>Enjoyed this article?<\/h4><p>Subscribe to our  <a href=\"http:\/\/feed.example.com\" target=\"_blank\" rel=\"noopener\">RSS feed<\/a> and never miss updates!<\/p><\/div>","protected":false},"excerpt":{"rendered":"<p>Itinerari per Citera Costiera con la nave AQUA JEWEL con collegamenti dal porto del Pireo, Gythio di Laconia, Kasteli di Creta e Kalamata. Il traghetto PORPHYROUSA effettua anche corse giornaliere da Neapoli Laconia. In auto attraverso il Peloponneso con la tua auto, o con gli autobus KTEL Lakonia, partendo da Atene e andando a Neapolis [&hellip;]<\/p>\n","protected":false},"author":1,"featured_media":0,"parent":0,"menu_order":0,"comment_status":"closed","ping_status":"closed","template":"template\/template-homepage.php","meta":{"footnotes":""},"class_list":["post-31679","page","type-page","status-publish","hentry"],"_links":{"self":[{"href":"https:\/\/test.kithera.gr\/it\/wp-json\/wp\/v2\/pages\/31679","targetHints":{"allow":["GET"]}}],"collection":[{"href":"https:\/\/test.kithera.gr\/it\/wp-json\/wp\/v2\/pages"}],"about":[{"href":"https:\/\/test.kithera.gr\/it\/wp-json\/wp\/v2\/types\/page"}],"author":[{"embeddable":true,"href":"https:\/\/test.kithera.gr\/it\/wp-json\/wp\/v2\/users\/1"}],"replies":[{"embeddable":true,"href":"https:\/\/test.kithera.gr\/it\/wp-json\/wp\/v2\/comments?post=31679"}],"version-history":[{"count":0,"href":"https:\/\/test.kithera.gr\/it\/wp-json\/wp\/v2\/pages\/31679\/revisions"}],"wp:attachment":[{"href":"https:\/\/test.kithera.gr\/it\/wp-json\/wp\/v2\/media?parent=31679"}],"curies":[{"name":"wp","href":"https:\/\/api.w.org\/{rel}","templated":true}]}}