{"id":31379,"date":"2022-06-12T17:02:32","date_gmt":"2022-06-12T14:02:32","guid":{"rendered":"https:\/\/test.kithera.gr\/?page_id=31379"},"modified":"2022-12-15T22:45:27","modified_gmt":"2022-12-15T20:45:27","slug":"mappa-citera","status":"publish","type":"page","link":"https:\/\/test.kithera.gr\/it\/mappa-citera\/","title":{"rendered":"Mappa Citera"},"content":{"rendered":"\n<div class=\"page-container\">\n<div class=\"infobox\">\n<h1>Mappa per Citera<\/h1>\n<\/div>\n\n<div class=\"infobox-photo w100\">\n\n<ul class=\"page-ul\">\n<h2>Scopri Citera guidato da una mappa!<\/h2>\n<li>Tutti i borghi e gli insediamenti, le spiagge, i monumenti storici, le aree naturali.<\/li>\n<li>Include i Sentieri a piedi segnalati per piacevoli viaggi sull&#8217;isola di Venere Celeste.<\/li>\n<li>Segnalazione con distanze chilometriche per tutti i percorsi.<\/li>\n<li>Con icone di rappresentazione realistiche per tutte le principali attrazioni di Kythira.<\/li>\n<li>Alta risoluzione e definizione, che ti permette di ingrandirla quanto vuoi, per una lettura facile e comoda.<\/li>\n<li>Ideale per tutti i dispositivi, cellulari, ipad, laptop, pc.<\/li>\n<li>Non \u00e8 richiesta alcuna connessione Internet per accedere alla mappa, basta salvare la mappa sul tuo dispositivo ed \u00e8 sempre disponibile!<\/li>\n<\/ul>\n\n<\/div>\n\n\n<div class=\"img-zoom-container\">\n<figure class=\"zoom\" onmousemove=\"zoom(event)\" style=\"background-image: url(https:\/\/test.kithera.gr\/wp-content\/uploads\/2022\/10\/kythira-map-large-1.jpg)\">\n  <img decoding=\"async\" src=\"\/\/test.kithera.gr\/wp-content\/uploads\/2022\/10\/kythira-map-large-1.jpg\" alt=\"Mappa Citera\">\n<\/figure>\n\n<p class=\"img-caption\">Passa il mouse sopra la mappa per vedere uno zoom 2x. La dimensione effettiva del download \u00e8 X4 pi\u00f9 grande, alta risoluzione, qualit\u00e0 JPG al 100%.<\/p>\n<\/div>\n\n<div class=\"infobox  bg-1\">\n<h1>STRADA &#038; MAPPA TURISTICA DI CITERA<\/h1>\n<b class=\"mgt30\">La mappa \u00e8 compatibile con tutti i cellulari, ipad, laptop e pc ~ <a href=\"https:\/\/test.kithera.gr\/it\/mappa-citera\/\"> Scarica Kythera Map<\/a> \u27bc solo per 4\u20ac, per uso personale.<\/b> \n<\/div> \n\n<\/div>\n\n<!-- CSS -->\n<style>\n.img-zoom-container { border: 0px solid #ccc;  margin: 0 auto; margin-top: 30px; margin-bottom: 30px; max-width:1160px; min-height: 700px;}\n.img-zoom-container > .img-caption{ font-size: 12px; padding: 5px 0 0 10px; color: #777; }\nfigure.zoom { margin: 0 auto; background-position: 50% 50%; position: relative; max-width: 1160px; height: 700px; overflow: hidden; cursor: move; }\nfigure.zoom img:hover { opacity: 0; }\nfigure.zoom img { transition: opacity 0.7s; display: block; width: 100%; }\n<\/style>\n\n<!-- PHP zoom  -->\n<script>\nfunction zoom(e){\n  var zoomer = e.currentTarget;\n  e.offsetX ? offsetX = e.offsetX : offsetX = e.touches[0].pageX\n  e.offsetY ? offsetY = e.offsetY : offsetX = e.touches[0].pageX\n  x = offsetX\/zoomer.offsetWidth*100\n  y = offsetY\/zoomer.offsetHeight*100\n  zoomer.style.backgroundPosition = x + '% ' + y + '%';\n}\n<\/script>\n<div class='footeradsense'><h4>Enjoyed this article?<\/h4><p>Subscribe to our  <a href=\"http:\/\/feed.example.com\" target=\"_blank\" rel=\"noopener\">RSS feed<\/a> and never miss updates!<\/p><\/div>","protected":false},"excerpt":{"rendered":"<p>Mappa per Citera Scopri Citera guidato da una mappa! Tutti i borghi e gli insediamenti, le spiagge, i monumenti storici, le aree naturali. Include i Sentieri a piedi segnalati per piacevoli viaggi sull&#8217;isola di Venere Celeste. Segnalazione con distanze chilometriche per tutti i percorsi. Con icone di rappresentazione realistiche per tutte le principali attrazioni di [&hellip;]<\/p>\n","protected":false},"author":1,"featured_media":0,"parent":0,"menu_order":0,"comment_status":"closed","ping_status":"closed","template":"template\/template-homepage.php","meta":{"footnotes":""},"class_list":["post-31379","page","type-page","status-publish","hentry"],"_links":{"self":[{"href":"https:\/\/test.kithera.gr\/it\/wp-json\/wp\/v2\/pages\/31379","targetHints":{"allow":["GET"]}}],"collection":[{"href":"https:\/\/test.kithera.gr\/it\/wp-json\/wp\/v2\/pages"}],"about":[{"href":"https:\/\/test.kithera.gr\/it\/wp-json\/wp\/v2\/types\/page"}],"author":[{"embeddable":true,"href":"https:\/\/test.kithera.gr\/it\/wp-json\/wp\/v2\/users\/1"}],"replies":[{"embeddable":true,"href":"https:\/\/test.kithera.gr\/it\/wp-json\/wp\/v2\/comments?post=31379"}],"version-history":[{"count":0,"href":"https:\/\/test.kithera.gr\/it\/wp-json\/wp\/v2\/pages\/31379\/revisions"}],"wp:attachment":[{"href":"https:\/\/test.kithera.gr\/it\/wp-json\/wp\/v2\/media?parent=31379"}],"curies":[{"name":"wp","href":"https:\/\/api.w.org\/{rel}","templated":true}]}}