{"id":31369,"date":"2022-06-12T16:40:32","date_gmt":"2022-06-12T13:40:32","guid":{"rendered":"https:\/\/test.kithera.gr\/?page_id=31369"},"modified":"2022-12-15T22:35:35","modified_gmt":"2022-12-15T20:35:35","slug":"aree-naturali-citera","status":"publish","type":"page","link":"https:\/\/test.kithera.gr\/it\/aree-naturali-citera\/","title":{"rendered":"Aree naturali Citera"},"content":{"rendered":"\n<div class=\"infobox-map\">\n<h1>Aree naturali a Citera<\/h1>\n<article id=\"article\">\n<p><b>Scopri la natura dell&#8217;isola!<\/b><br>\nCitera emerge da tre mari, Myrtoos, Cretese e Ionio, ricordando che una volta queste due regioni erano unite. Oggi la loro eredit\u00e0 crea un paesaggio naturale dotato di una bellezza unica, ricco di flora e fauna. Non \u00e8 un caso che l&#8217;isola abbia la pi\u00f9 grande variet\u00e0 di erbe e fiori selvatici, oltre a una grande popolazione di uccelli che la utilizzano come stazione di migrazione.<br> \nIl <a href=\"https:\/\/test.kithera.gr\/it\/isola-citera\/\">Citera<\/a> \u00e8 un altopiano con un clima mediterraneo temperato, circondato da ripidi pendii che catturano lo sguardo, nell&#8217;entroterra il terreno forma lussureggianti valli verdi con vegetazione lussureggiante, platani e acque correnti che terminano in incantevoli spiagge.<\/p>\n<\/article>\n<label class=\"read-more_label\" id=\"seeMoreBtn\">Leggi di pi\u00f9<\/label>\n\n<\/div><!-- infobox-map -->\n\n\n<style>\n#article {\n max-height: 160px; overflow-y: hidden; transition: max-height .3s ease-out;\n}\n#article.expanded {\n max-height: 1200px; transition: max-height 1.2s ease;\n}\n.read-more_label {\n  padding: 55px 25px 0 28px; background-image: linear-gradient(to bottom, #fbfbfb00, 1%, #fdfdfd);\nwidth: 100%; margin-top: -59px; font-weight: 700; color: #999; cursor: pointer; font-size:15px; \n}\n.read-more_label:hover {color: #555; \n}\n#article.expanded ~ .read-more_label {padding: 5px 25px 0 25px; }\n<\/style>\n\n\n<script>\n const seeMore = document.getElementById(\"seeMoreBtn\");\n    const article = document.getElementById(\"article\");\n\n    seeMore.addEventListener(\"click\", () => {\n        article.classList.toggle(\"expanded\");\n\n        const expanded = article.classList.contains(\"expanded\");\n        if (expanded) {\n            seeMore.innerHTML = \"Meno\";\n        } else {\n            seeMore.innerHTML = \"Leggi di pi\u00f9\";\n        } \n    });\n<\/script>\n<div class='footeradsense'><h4>Enjoyed this article?<\/h4><p>Subscribe to our  <a href=\"http:\/\/feed.example.com\" target=\"_blank\" rel=\"noopener\">RSS feed<\/a> and never miss updates!<\/p><\/div>","protected":false},"excerpt":{"rendered":"<p>Aree naturali a Citera Scopri la natura dell&#8217;isola! Citera emerge da tre mari, Myrtoos, Cretese e Ionio, ricordando che una volta queste due regioni erano unite. Oggi la loro eredit\u00e0 crea un paesaggio naturale dotato di una bellezza unica, ricco di flora e fauna. Non \u00e8 un caso che l&#8217;isola abbia la pi\u00f9 grande variet\u00e0 [&hellip;]<\/p>\n","protected":false},"author":1,"featured_media":0,"parent":0,"menu_order":0,"comment_status":"closed","ping_status":"closed","template":"template\/property-listings-map.php","meta":{"footnotes":""},"class_list":["post-31369","page","type-page","status-publish","hentry"],"_links":{"self":[{"href":"https:\/\/test.kithera.gr\/it\/wp-json\/wp\/v2\/pages\/31369","targetHints":{"allow":["GET"]}}],"collection":[{"href":"https:\/\/test.kithera.gr\/it\/wp-json\/wp\/v2\/pages"}],"about":[{"href":"https:\/\/test.kithera.gr\/it\/wp-json\/wp\/v2\/types\/page"}],"author":[{"embeddable":true,"href":"https:\/\/test.kithera.gr\/it\/wp-json\/wp\/v2\/users\/1"}],"replies":[{"embeddable":true,"href":"https:\/\/test.kithera.gr\/it\/wp-json\/wp\/v2\/comments?post=31369"}],"version-history":[{"count":0,"href":"https:\/\/test.kithera.gr\/it\/wp-json\/wp\/v2\/pages\/31369\/revisions"}],"wp:attachment":[{"href":"https:\/\/test.kithera.gr\/it\/wp-json\/wp\/v2\/media?parent=31369"}],"curies":[{"name":"wp","href":"https:\/\/api.w.org\/{rel}","templated":true}]}}