{"id":31310,"date":"2022-11-10T15:09:48","date_gmt":"2022-11-10T13:09:48","guid":{"rendered":"https:\/\/test.kithera.gr\/informazioni-citera\/naufragio-antikythera\/"},"modified":"2022-12-15T20:16:46","modified_gmt":"2022-12-15T18:16:46","slug":"naufragio-antikythera","status":"publish","type":"page","link":"https:\/\/test.kithera.gr\/it\/informazioni-citera\/naufragio-antikythera\/","title":{"rendered":"Naufragio Antikythera"},"content":{"rendered":"\n<div class=\"page-container\">\r\n<div class=\"infobox-bg-1\">\r\n<h1>Il naufragio di Antikythera<\/h1>\r\n<article id=\"article\">\r\n<p><b> Naufragio di Antikythera, la cronaca delle scoperte.<\/b><br\/>\r\nkithera.gr ~ Panorama rispondendo alle esigenze e alle richieste del nostro tempo, nonch\u00e9 al forte interesse della nuova opinione greca e internazionale, ha creato nel 2014 la prima presentazione completa sul Naufragio di Antikythera, il pi\u00f9 importante sito archeologico sottomarino in il mondo, con l&#8217;obiettivo di un&#8217;informazione completa del pubblico, promuovendo allo stesso tempo la qualit\u00e0 dell&#8217;isola.<br\/>\r\nDopo aver ricercato e studiato il materiale esistente, \u00e8 stata progettata una narrazione mirata, che consente all&#8217;utente di trovare tutto il materiale di cui ha bisogno in un unico posto, in modo da poter facilmente comprendere appieno cosa \u00e8 successo esattamente in passato e cosa sta accadendo oggi in questo importante ricerca.\r\nLa grande mole di materiale raccolto in testi e fotografie \u00e8 stata resa cronologicamente per periodo, cos\u00ec come la realizzazione di tutta la grafica e le animazioni necessarie, in modo tale che il risultato sia semplice, interessante e soprattutto comprensibile in quanto si affrontano principalmente gli aspetti generali pubblico.<br\/>\r\nLa presentazione, della durata di pochi minuti, racconta all&#8217;utente la storia dell&#8217;antico relitto, portandolo al clima dei fondali, mostrando tutti i reperti importanti dal momento del ritrovamento del relitto, fino agli sforzi odierni con i pi\u00f9 avanzati attrezzature.<br\/>\r\n\u00c8 ovvio che la ricerca continuer\u00e0 nelle prossime estati, quindi il progetto Antikythera Shipwreck continuer\u00e0 ad arricchirsi di scoperte future, che porteranno sicuramente nuovi fatti interessanti e impressionanti sul mondo antico. <br\/>Vogliamo anche ringraziare tutti i media per la calorosa accoglienza e la grande visibilit\u00e0 da parte della stampa cartacea e online della nostra produzione, con decine di pubblicazioni su <a href=\"https:\/\/test.kithera. gr \/\">Antikythera Shipwreck<\/a>, che lo ha reso virale nei media elettronici ma anche come <a href=\"https:\/\/www.youtube.com\/watch?v=mnQ61Bps8Fk\" target=\"_blank\" rel=\"noopener\">video su Youtube<\/a>. <\/p>\r\n<\/article>\r\n     <label class=\"read-more_label\" id=\"seeMoreBtn\">Leggi di pi\u00f9<\/label>\r\n<\/div>\r\n<\/div>\r\n\r\n\r\n<style>\r\n#article {\r\n max-height: 160px; overflow-y: hidden; transition: max-height .3s ease-out;\r\n}\r\n#article.expanded {\r\n max-height: 1200px; transition: max-height 1.2s ease;\r\n}\r\n.read-more_label {\r\n  padding: 55px 25px 0 28px; background-image: linear-gradient(to bottom, #fbfbfb00, 1%, #fdfdfd);\r\nwidth: 100%; margin-top: -59px; font-weight: 700; color: #999; cursor: pointer; font-size:15px; \r\n}\r\n.read-more_label:hover {color: #555; \r\n}\r\n#article.expanded ~ .read-more_label {padding: 5px 25px 0 25px; }\r\n<\/style>\r\n\r\n\r\n<script>\r\n const seeMore = document.getElementById(\"seeMoreBtn\");\r\n    const article = document.getElementById(\"article\");\r\n\r\n    seeMore.addEventListener(\"click\", () => {\r\n        article.classList.toggle(\"expanded\");\r\n\r\n        const expanded = article.classList.contains(\"expanded\");\r\n        if (expanded) {\r\n            seeMore.innerHTML = \"Meno\";\r\n        } else {\r\n            seeMore.innerHTML = \"Leggi di pi\u00f9\";\r\n        } \r\n    });\r\n<\/script>\r\n\r\n\r\n<!-- \u039e\u0395\u039d\u0391\u0393\u0397\u03a3\u0397 \u03a3\u03a4\u0391 \u039a\u03a5\u0398\u0397\u03a1\u0391  -->\r\n<div id=\"iframe-container\">\r\n<iframe src=\"https:\/\/test.kithera.gr\/images\/nauagio-antikythiron\/NAYAGIO.html\"><\/iframe>\r\n<\/div>\r\n\r\n<div class=\"btm-iframe-container\">\r\n<p>La presentazione Antikythera Shipwreck \u00e8 stata progettata e sviluppata esclusivamente da kithera.gr ~ Panorama, \u00e8 ideale solo per l&#8217;ambiente di computer desktop, laptop e telefoni cellulari ad alta risoluzione.<br\/>\r\n<a href=\"https:\/\/test.kithera.gr\/it\/\">Scrivi il tuo commento sul relitto di Antikythera<\/a><\/p>\r\n<\/div>\r\n\r\n\r\n<style>\r\n#iframe-container { width: 100%; margin: 0 auto; margin-bottom: 0px; margin-top: 20px; text-align: center; background-color:rgba(18, 26, 77, 1.00); padding: 0;}\r\niframe { aspect-ratio: 16 \/ 7.2; width: 100%; height: 100%; border:none; scrolling;no;}\r\n.btm-iframe-container { background-color:rgba(17, 22, 56, 1.00); }\r\n.btm-iframe-container p { padding: 40px; margin: 0 auto; max-width: 800px; font-size: 12px; line-height: 18px; text-align: center; color: #444; } \r\n.btm-iframe-container a { color: #01528f;}\r\n\r\n\r\n<!-- MOBILE -->\r\n@media only screen and (max-width: 800px) {\r\niframe, .btm-iframe-container p { display: none; }\r\n}\r\n\r\n<\/style>\n<div class='footeradsense'><h4>Enjoyed this article?<\/h4><p>Subscribe to our  <a href=\"http:\/\/feed.example.com\" target=\"_blank\" rel=\"noopener\">RSS feed<\/a> and never miss updates!<\/p><\/div>","protected":false},"excerpt":{"rendered":"<p>Il naufragio di Antikythera Naufragio di Antikythera, la cronaca delle scoperte. kithera.gr ~ Panorama rispondendo alle esigenze e alle richieste del nostro tempo, nonch\u00e9 al forte interesse della nuova opinione greca e internazionale, ha creato nel 2014 la prima presentazione completa sul Naufragio di Antikythera, il pi\u00f9 importante sito archeologico sottomarino in il mondo, con [&hellip;]<\/p>\n","protected":false},"author":1,"featured_media":0,"parent":31227,"menu_order":0,"comment_status":"closed","ping_status":"closed","template":"template\/template-homepage.php","meta":{"footnotes":""},"class_list":["post-31310","page","type-page","status-publish","hentry"],"_links":{"self":[{"href":"https:\/\/test.kithera.gr\/it\/wp-json\/wp\/v2\/pages\/31310","targetHints":{"allow":["GET"]}}],"collection":[{"href":"https:\/\/test.kithera.gr\/it\/wp-json\/wp\/v2\/pages"}],"about":[{"href":"https:\/\/test.kithera.gr\/it\/wp-json\/wp\/v2\/types\/page"}],"author":[{"embeddable":true,"href":"https:\/\/test.kithera.gr\/it\/wp-json\/wp\/v2\/users\/1"}],"replies":[{"embeddable":true,"href":"https:\/\/test.kithera.gr\/it\/wp-json\/wp\/v2\/comments?post=31310"}],"version-history":[{"count":0,"href":"https:\/\/test.kithera.gr\/it\/wp-json\/wp\/v2\/pages\/31310\/revisions"}],"up":[{"embeddable":true,"href":"https:\/\/test.kithera.gr\/it\/wp-json\/wp\/v2\/pages\/31227"}],"wp:attachment":[{"href":"https:\/\/test.kithera.gr\/it\/wp-json\/wp\/v2\/media?parent=31310"}],"curies":[{"name":"wp","href":"https:\/\/api.w.org\/{rel}","templated":true}]}}