{"id":31291,"date":"2022-12-01T23:30:08","date_gmt":"2022-12-01T21:30:08","guid":{"rendered":"https:\/\/test.kithera.gr\/informazioni-citera\/geografia-natura-citera\/geografia-citera\/"},"modified":"2022-12-15T20:03:10","modified_gmt":"2022-12-15T18:03:10","slug":"geografia-citera","status":"publish","type":"page","link":"https:\/\/test.kithera.gr\/it\/informazioni-citera\/geografia-natura-citera\/geografia-citera\/","title":{"rendered":"Geografia Citera"},"content":{"rendered":"\n<div class=\"page-container\">\r\n\r\n<div class=\"infobox\">\r\n<h1>Geografia di Citera<\/h1>\r\n\r\n<div class=\"page-img\">\r\n<img loading=\"lazy\" decoding=\"async\" src=\"https:\/\/test.kithera.gr\/wp-content\/uploads\/2022\/12\/xartis-elladas-4.jpg\" alt=\"Mappa della Grecia\" width=\"1250\" height=\"1081\"\/>\r\n<\/div>\r\n\r\n<h2>Tra tre mari.<\/h2>\r\n<p>Kythera si trova nel sud della Grecia tra tre mari, a sud del Peloponneso e a nord di Creta occidentale, bagnata dal mare del mirto a est, dal mare Ionio a ovest e dal mare di Creta a sud. <br\/>\r\nSono lunghi 29 chilometri e larghi 18 chilometri. con una superficie di 277.746 chilometri quadrati, la morfologia dell&#8217;isola \u00e8 un altopiano con due catene montuose principali, a ovest con il pi\u00f9 alto Mermiggaris con un&#8217;altitudine di 550 metri, e ad est con il pi\u00f9 alto Monte Digeni con un&#8217;altitudine di 474 m Queste due catene montuose si ramificano in montagne minori, mentre tra di loro ci sono profonde gole, lagate con ricca vegetazione e sorgenti con molte acque correnti che terminano in bellissime spiagge di piccole e grandi dimensioni. L&#8217;isola ha coste ripide con una lunghezza di circa 91 chilometri.<br\/>\r\nLagades con molta acqua esistono vicino a Mylopotamos, Karavas e Mitata, mentre le altre aree dipendono da pozzi per l&#8217;approvvigionamento idrico. A Mylopotamos ci sono sorgenti con cascate e laghetti, quest&#8217;acqua in passato veniva utilizzata per alimentare i mulini ad acqua, che oggi sono una delle principali attrazioni di Kythira.<br\/>\r\nGeograficamente appartengono alle isole Heptani e amministrativamente rientrano nel Pireo. \u00c8 la quindicesima isola pi\u00f9 grande della Grecia e conta 64 comunit\u00e0, la pi\u00f9 piccola delle quali \u00e8 Viaradika, che ai vecchi tempi era una delle pi\u00f9 grandi. <\/p>\r\n<\/div>\r\n\r\n<div class=\"infobox\">\r\n<div class=\"page-img\">\r\n<img loading=\"lazy\" decoding=\"async\" src=\"https:\/\/test.kithera.gr\/wp-content\/uploads\/2022\/11\/Agiografies-spilaio.jpg\" alt=\"Geografia di Citera\" width=\"1200\" height=\"550\"\/>\r\n<\/div>\r\n\r\n<h2>Clima.<\/h2>\r\n<p>Il clima di Citera \u00e8 mediterraneo temperato. La temperatura media annua \u00e8 di circa +20\u00b0C e la quantit\u00e0 media annua di pioggia, (della durata di circa 60 giorni), \u00e8 di 600 mm, la nuvolosit\u00e0 media \u00e8 di 4 e la forza media del vento \u00e8 di circa 3 &#8211; 4 Beaufort con venti prevalenti da il nord-est e gli occidentali. Molte volte durante la primavera si osserva un vento da ovest-sudovest chiamato &#8220;provenzale&#8221;, che raccoglie nuvole basse creando nebbie, dove \u00e8 richiesta un&#8217;attenzione particolare ai marinai. La neve \u00e8 rara cos\u00ec come la temperatura sotto i -4\u00b0C. <\/p>\r\n<\/div>\r\n\r\n<div class=\"infobox\">\r\n<div class=\"page-img\">\r\n<img loading=\"lazy\" decoding=\"async\" src=\"https:\/\/test.kithera.gr\/wp-content\/uploads\/2022\/11\/Agios-dimitrios.jpg\" alt=\"Agios-dimitrios. Citera\" width=\"1200\" height=\"550\"\/>\r\n<\/div>\r\n\r\n<h2>Popolazione.<\/h2>\r\n<p>Kythera ha una popolazione di 4.041 abitanti, secondo il censimento del 2011. L&#8217;omonima capitale dell&#8217;isola conta 281 abitanti, mentre importanti villaggi sono Livadi, con 464 abitanti, e Potamos, con 476 abitanti. Il resto degli abitanti si trova in circa 60 piccoli villaggi, sparsi in tutta l&#8217;isola.\r\nLa popolazione di Kythira dopo la sua integrazione in Grecia fino al 1907 era stabile con un leggero aumento. Dal 1920 al 1991 la loro popolazione \u00e8 diminuita drasticamente. Dal 1991 fino ad oggi, la popolazione di Citera ha visto un grande aumento. Kythira ha registrato la sua popolazione pi\u00f9 numerosa nel 1879 (13.259) e la pi\u00f9 piccola nel 1991 (3.107). Il pi\u00f9 grande aumento della popolazione si \u00e8 verificato nel 1879 (24,6%) e il pi\u00f9 piccolo nel 1907 (6,5%). La pi\u00f9 grande diminuzione della popolazione si \u00e8 verificata nel 1920 (25,9%) e la pi\u00f9 piccola nel 1928 (6,4%). <\/p>\r\n<\/div>\r\n\r\n<div class=\"infobox\">\r\n<div class=\"page-img\">\r\n<img loading=\"lazy\" decoding=\"async\" src=\"https:\/\/test.kithera.gr\/wp-content\/uploads\/2022\/11\/katouni.jpg\" alt=\"Anglokratia Kythera\" width=\"1200\" height=\"550\"\/>\r\n<\/div>\r\n\r\n<h2>Economia.<\/h2>\r\n<p>Gli abitanti sono principalmente contadini e impiegati, ma con l&#8217;aumento del turismo e l&#8217;arrivo di coloni semi-permanenti, il baricentro si \u00e8 spostato verso le imprese turistiche e l&#8217;edilizia. I principali prodotti agricoli sono olio e miele. Turisticamente, l&#8217;isola si sta sviluppando. Un contributo alla sua buona reputazione \u00e8 il fatto che il suo sviluppo residenziale avviene in modo controllato senza alterare il ritmo locale. <\/p>\r\n<\/div>\r\n\r\n<\/div>\n<div class='footeradsense'><h4>Enjoyed this article?<\/h4><p>Subscribe to our  <a href=\"http:\/\/feed.example.com\" target=\"_blank\" rel=\"noopener\">RSS feed<\/a> and never miss updates!<\/p><\/div>","protected":false},"excerpt":{"rendered":"<p>Geografia di Citera Tra tre mari. Kythera si trova nel sud della Grecia tra tre mari, a sud del Peloponneso e a nord di Creta occidentale, bagnata dal mare del mirto a est, dal mare Ionio a ovest e dal mare di Creta a sud. Sono lunghi 29 chilometri e larghi 18 chilometri. con una [&hellip;]<\/p>\n","protected":false},"author":1,"featured_media":0,"parent":31239,"menu_order":0,"comment_status":"closed","ping_status":"closed","template":"template\/template-homepage.php","meta":{"footnotes":""},"class_list":["post-31291","page","type-page","status-publish","hentry"],"_links":{"self":[{"href":"https:\/\/test.kithera.gr\/it\/wp-json\/wp\/v2\/pages\/31291","targetHints":{"allow":["GET"]}}],"collection":[{"href":"https:\/\/test.kithera.gr\/it\/wp-json\/wp\/v2\/pages"}],"about":[{"href":"https:\/\/test.kithera.gr\/it\/wp-json\/wp\/v2\/types\/page"}],"author":[{"embeddable":true,"href":"https:\/\/test.kithera.gr\/it\/wp-json\/wp\/v2\/users\/1"}],"replies":[{"embeddable":true,"href":"https:\/\/test.kithera.gr\/it\/wp-json\/wp\/v2\/comments?post=31291"}],"version-history":[{"count":0,"href":"https:\/\/test.kithera.gr\/it\/wp-json\/wp\/v2\/pages\/31291\/revisions"}],"up":[{"embeddable":true,"href":"https:\/\/test.kithera.gr\/it\/wp-json\/wp\/v2\/pages\/31239"}],"wp:attachment":[{"href":"https:\/\/test.kithera.gr\/it\/wp-json\/wp\/v2\/media?parent=31291"}],"curies":[{"name":"wp","href":"https:\/\/api.w.org\/{rel}","templated":true}]}}