{"id":31285,"date":"2022-11-25T11:31:21","date_gmt":"2022-11-25T09:31:21","guid":{"rendered":"https:\/\/test.kithera.gr\/informazioni-citera\/geografia-natura-citera\/fauna-citera\/"},"modified":"2022-12-15T19:57:41","modified_gmt":"2022-12-15T17:57:41","slug":"fauna-citera","status":"publish","type":"page","link":"https:\/\/test.kithera.gr\/it\/informazioni-citera\/geografia-natura-citera\/fauna-citera\/","title":{"rendered":"Fauna Citera"},"content":{"rendered":"\n<div class=\"page-container\">\r\n<div class=\"infobox bg-0\">\r\n<h1>Fauna di Citera<\/h1>\r\n<p>L&#8217;isola sembra emersa dal mare, con il rilievo circostante scosceso, mentre l&#8217;interno \u00e8 un altopiano. Citera \u00e8 attraversata da anfratti e anfratti con acqua corrente, che lungo il percorso conducono a meravigliose spiagge intorno all&#8217;isola.\r\nPur non essendo presenti zone umide di grandi dimensioni, sono state censite quattro aree umide, che svolgono un ruolo importante dal punto di vista faunistico e in particolare avifaunistico, come sosta di sosta e alimentazione per molti uccelli migratori, in uno dei pi\u00f9 importanti corridoi migratori .<\/p>\r\n<\/div>\r\n\r\n<div class=\"infobox\">\r\n<h1>Uccelli permanenti di Citera<\/h1>\r\n<p>Il complesso insulare di Citera e Anticitera per la loro posizione geografica sono la stazione intermedia, essenzialmente il ponte tra il Peloponneso e Creta nel loro cammino verso il Nord Africa, alla ricerca di climi pi\u00f9 caldi durante la stagione invernale.\r\nDurante il periodo della migrazione sono state osservate sull&#8217;isola oltre 200 specie di uccelli migratori, mentre oltre 20 specie risiedono stabilmente. <br\/>\r\nAlcuni di quelli migratori sono lo svasso, lo svasso strolaga, lo svasso (Lanius), lo svasso (circus), lo svasso (milvus migrans), l&#8217;aquila (Aquila), il falco pellegrino (Falco Pelegrinus), il beccaccino (Scolopax rusticola), il tordo (Turdus philomelos), la quaglia (Coturnix coturnix), il toporagno (Anas querquedula), lo storno (Streptopelia turtur), la rondine (Hirundo rustica), la poiana (Motacilla), l&#8217;acero montano (Oriolus oriolus). p>\r\n<\/p><\/div>\r\n\r\n<div class=\"infobox-photo photo-l\">\r\n<img loading=\"lazy\" decoding=\"async\" src=\"https:\/\/test.kithera.gr\/wp-content\/uploads\/2022\/11\/Spourgitis-1.jpg\" alt=\"Spourgitis Kythera\" width=\"550\" height=\"550\"\/>\r\n<h2>Passero<\/h2>\r\n<p>\u00c8 un uccello sociale e alcune specie sono associate agli umani, anche se \u00e8 difficile da tenere come animale domestico. Costruisce nidi caratterizzati da sciatteria, nidificando solitamente in cavit\u00e0, alberi o cespugli. Si trova sia nelle citt\u00e0 che nelle campagne e si nutre principalmente di semi e piccoli insetti. Sono piccoli uccelli grigiastri o brunastri con code corte, ali arrotondate, corpi robusti, teste grandi e becchi affusolati. Le loro dimensioni vanno dai 12 ai 17 centimetri e pesano intorno ai 40 grammi. Sono rumorosi e vivono in sciami.<br\/>\r\nIl passero domestico \u00e8 considerato un indicatore della biodiversit\u00e0 nell&#8217;ambiente e l&#8217;allarmante calo della sua popolazione fa suonare un campanello d&#8217;allarme. L&#8217;aumento dell&#8217;agricoltura e l&#8217;urbanizzazione dell&#8217;ambiente hanno contribuito a ci\u00f2, limitando notevolmente i luoghi in cui gli uccelli possono trovare cibo e riparo.<\/p>\r\n<\/div>\r\n\r\n<div class=\"infobox-photo photo-r\">\r\n<img loading=\"lazy\" decoding=\"async\" src=\"https:\/\/test.kithera.gr\/wp-content\/uploads\/2022\/11\/Karderina.jpg\" alt=\"Karderina\" width=\"550\" height=\"550\"\/>\r\n<h2>Cardellino<\/h2>\r\n<p>\u00c8 un uccello struzzo, del genere Carduelis e appartiene alla famiglia degli spizidi. \u00c8 un uccello canterino e vive in stormi nelle foreste e nei prati, cos\u00ec come nei giardini e nei campi\r\n\u00c8 un uccello migratore e in autunno migra verso luoghi dal clima pi\u00f9 dolce. Si nutre quasi esclusivamente di semi spinosi e vermi. La solidariet\u00e0 e l&#8217;amore che questi uccelli hanno l&#8217;uno per l&#8217;altro \u00e8 notevole. <br\/>\r\nLa lunghezza dell&#8217;uccello raggiunge i 19 cm e c&#8217;\u00e8 un&#8217;ampia variet\u00e0 di combinazioni di colori. I colori dominanti sono il giallo, il rosso e il nero. La sua testa \u00e8 di colore rosso e questa caratteristica \u00e8 il motivo per cui la gente le ha dato il nome &#8220;turkopula&#8221;, perch\u00e9 il colore rosso sulla sua testa sembra che l&#8217;uccello indossi un fez. <\/p>\r\n<\/div>\r\n\r\n<div class=\"infobox-photo photo-l\">\r\n<img loading=\"lazy\" decoding=\"async\" src=\"https:\/\/test.kithera.gr\/wp-content\/uploads\/2022\/11\/Petroperdika.jpg\" alt=\"Petroperdika Citera\" width=\"550\" height=\"550\"\/>\r\n<h2>Pernice piuma<\/h2>\r\n<p>Il nome del genere deriva dal greco antico alektoris che si riferiva ai polli domestici. Il nome greco \u00e8 dovuto al fatto che vive in zone rocciose. La pernice \u00e8 un uccello epidemico endemico dell&#8217;Europa, dove \u00e8 diffuso solo nelle Alpi, negli Appennini, in Sicilia e nei Balcani. <br\/>\r\nLa pernice vola raramente ma velocemente e meglio degli altri uccelli. Vola solo quando serve, basso con rapidi flap e plana ad ali spiegate.\r\nLa procellaria \u00e8 una specie epidemica, \u00e8 sociale e vive in gruppi familiari di 10-15 persone, mentre durante l&#8217;inverno due di questi gruppi possono unirsi e raggiungere le 40 persone. <\/p>\r\n<\/div>\r\n\r\n<div class=\"infobox-photo photo-r\">\r\n<img loading=\"lazy\" decoding=\"async\" src=\"https:\/\/test.kithera.gr\/wp-content\/uploads\/2022\/11\/Koraki.jpg\" alt=\"Koraki\" width=\"550\" height=\"550\"\/>\r\n<h2>Corvo<\/h2>\r\n<p>Il corvo, o corvo imperiale o corvo imperiale (nome scientifico: Corvus corax) \u00e8 un uccello terrestre carnivoro dell&#8217;ordine Struthiomorpha, delle dimensioni di una gallina (lunghezza 56-69 cm), che lo classifica come uno dei membri pi\u00f9 grandi di l&#8217;ordine e raggiunge il peso di un chilo e mezzo. Ha un caratteristico piumaggio nero, con riflessi rossi e blu, un becco conico nero e zampe nere, da cui l&#8217;espressione &#8220;nero come un corvo&#8221;.<br\/>\r\nCostruisce il suo nido in cima ad alberi, montagne, rocce scoscese e alte torri remote. Da l\u00ec scende in pianura per il cibo. Generalmente \u00e8 uccello onnivoro e vorace.\r\nIl corvo \u00e8 molto facilmente addomesticato e impara a convivere con gli umani in larga misura.\r\nNell&#8217;antichit\u00e0, gli antichi greci avevano un amore speciale per l&#8217;uccello, che avevano dedicato al dio Apollo. <\/p>\r\n<\/div>\r\n\r\n<div class=\"infobox-photo photo-l\">\r\n<img loading=\"lazy\" decoding=\"async\" src=\"https:\/\/test.kithera.gr\/wp-content\/uploads\/2022\/11\/Kotsifi.jpg\" alt=\"Kotsifi\" width=\"550\" height=\"550\"\/>\r\n<h2>Kotsyfi<\/h2>\r\n<p>Il maschio \u00e8 tutto nero ad eccezione del becco giallo e dell&#8217;anello giallo intorno agli occhi, mentre la femmina adulta e i giovani uccelli hanno piumaggio marrone scuro. Questa specie si riproduce in giardini o foreste, costruendo un nido pulito, coperto di fango, a forma di scodella.<br\/>\r\n\u00c8 onnivoro e mangia un&#8217;ampia variet\u00e0 di insetti, lombrichi, noci e frutta. Ha una lunghezza da 23 a 29 cm, una lunga coda e un peso da 80 a 120 grammi. Il maschio ha molti diversi richiami melodiosi. Pu\u00f2 partorire fino a 5 volte l&#8217;anno. Ci sono molti riferimenti letterari e culturali al genere, spesso legati alla sua canzone. <\/p>\r\n<\/div>\r\n\r\n<div class=\"infobox-photo photo-r\">\r\n<img loading=\"lazy\" decoding=\"async\" src=\"https:\/\/test.kithera.gr\/wp-content\/uploads\/2022\/11\/Gerakina.jpg\" alt=\"Kythera Gerakina\" width=\"550\" height=\"550\"\/>\r\n<h2>Gerakina<\/h2>\r\n<p>Un rapace longevo, in Grecia \u00e8 un residente permanente (epidemia) e nidifica in numero relativamente soddisfacente. Il falco pellegrino abita principalmente piccoli boschi con adiacenti paesaggi aperti come prati, macchia e colture, per poter foraggiare. Durante l&#8217;inverno si pu\u00f2 trovare nelle zone umide e paludose.<br\/>\r\nIl geranio \u00e8 un rapace robusto e di medie dimensioni con una colorazione del piumaggio estremamente variabile che va dal quasi bianco al quasi nero, con tutte le combinazioni intermedie.\r\nIl cibo principale del falco sono i piccoli mammiferi e, in Europa, principalmente i topi. Cattura anche uccelli, per lo pi\u00f9 piccoli, rettili (come lucertole), vermi, bisce d&#8217;acqua e anfibi, soprattutto rane e rospi. <\/p>\r\n<\/div>\r\n\r\n<div class=\"infobox-photo photo-l\">\r\n<img loading=\"lazy\" decoding=\"async\" src=\"https:\/\/test.kithera.gr\/wp-content\/uploads\/2022\/11\/Aigaioglaros.jpg\" alt=\"Aigaioglaros di Citera\" width=\"550\" height=\"550\"\/>\r\n<h2>Gretta<\/h2>\r\n<p>Il gabbiano di mare \u00e8 un uccello pelagico marino della famiglia Laridae, una delle specie di gabbiani presenti in Grecia. Il gabbiano eurasiatico \u00e8 l&#8217;unica specie di gabbiano che nidifica esclusivamente nel Mediterraneo. Le principali colonie riproduttive si trovano nel delta dell&#8217;Ebro in Spagna e nelle isole Tsafarina al largo della costa nordorientale del Marocco. <br\/>\r\nIl gabbiano comune \u00e8 una specie semimigratrice che, dopo la riproduzione, \u00e8 ampiamente dispersa lungo diverse coste del Mediterraneo. Quasi tutti i giovani e alcuni adulti migrano attraverso Gibilterra da luglio a ottobre, con un picco migratorio in agosto, per svernare sulla costa nordafricana. Durante l&#8217;inverno, gli uccelli si radunano in grandi stormi. <\/p>\r\n<\/div>\r\n\r\n\r\n<div class=\"infobox-photo photo-r\">\r\n<img loading=\"lazy\" decoding=\"async\" src=\"https:\/\/test.kithera.gr\/wp-content\/uploads\/2022\/11\/Mauropetritis.jpg\" alt=\"Mauropetritis\" width=\"550\" height=\"550\"\/>\r\n<h2>Mauropetrite<\/h2>\r\n<p>Un elegante predatore, con ali lunghe e sottili, una lunga coda e un corpo aerodinamico, strutture che servono all&#8217;elemento pi\u00f9 importante della sua fisiologia, la velocit\u00e0. Sotto l&#8217;occhio c&#8217;\u00e8 la caratteristica macchia triangolare scura sulla guancia dei falchi. Il carapace, i tarsi e le zampe sono giallo limone. <br\/>\r\nLa procellaria nera nidifica in riva al mare, sui ripidi pendii di isole o zone continentali costiere, nonch\u00e9 su isolotti pianeggianti e tranquilli, a fondo geologico calcareo o vulcanico, purch\u00e9 vi siano luoghi ombrosi per gran parte della giornata.\r\nLa procellaria nera si nutre di grossi insetti come coleotteri, cavallette, libellule, farfalle, cicale e formiche volanti, occasionalmente pipistrelli e lucertole. <\/p>\r\n<\/div>\r\n\r\n<div class=\"infobox-photo photo-l\">\r\n<img loading=\"lazy\" decoding=\"async\" src=\"https:\/\/test.kithera.gr\/wp-content\/uploads\/2022\/11\/Gionis.jpg\" alt=\"Gionis Citera\" width=\"550\" height=\"550\"\/>\r\n<h2>Gionis<\/h2>\r\n<p> Gionis appartiene alla famiglia dei Glaucidi ed \u00e8 una delle specie di glauco pi\u00f9 piccole d&#8217;Europa. L&#8217;uccello \u00e8 lungo circa 19 cm, il suo piumaggio \u00e8 chiaro, da bruno-rossastro a grigio, punteggiato di piccole macchie bruno-cenere e striature simili a vermi, oltre a macchie e chiazze biancastre. Il suo colore dell&#8217;iride \u00e8 giallo. <br\/>\r\nLa voce del genero \u00e8 un suono molto caratteristico delle notti estive.\r\nGionis \u00e8 esclusivamente notturno e termofilo. Nidifica in buchi e cavit\u00e0 di alberi o nidi abbandonati di altri uccelli. Vive e si riproduce in foreste aperte, insediamenti, parchi, vicino a zone residenziali, piantagioni, giardini, ecc. Si nutre principalmente di insetti, ma spesso preda di piccoli rettili e piccoli mammiferi ed \u00e8 particolarmente utile in agricoltura. <\/p>\r\n<\/div>\r\n\r\n<\/div>\n<div class='footeradsense'><h4>Enjoyed this article?<\/h4><p>Subscribe to our  <a href=\"http:\/\/feed.example.com\" target=\"_blank\" rel=\"noopener\">RSS feed<\/a> and never miss updates!<\/p><\/div>","protected":false},"excerpt":{"rendered":"<p>Fauna di Citera L&#8217;isola sembra emersa dal mare, con il rilievo circostante scosceso, mentre l&#8217;interno \u00e8 un altopiano. Citera \u00e8 attraversata da anfratti e anfratti con acqua corrente, che lungo il percorso conducono a meravigliose spiagge intorno all&#8217;isola. Pur non essendo presenti zone umide di grandi dimensioni, sono state censite quattro aree umide, che svolgono [&hellip;]<\/p>\n","protected":false},"author":1,"featured_media":0,"parent":31239,"menu_order":0,"comment_status":"closed","ping_status":"closed","template":"template\/template-homepage.php","meta":{"footnotes":""},"class_list":["post-31285","page","type-page","status-publish","hentry"],"_links":{"self":[{"href":"https:\/\/test.kithera.gr\/it\/wp-json\/wp\/v2\/pages\/31285","targetHints":{"allow":["GET"]}}],"collection":[{"href":"https:\/\/test.kithera.gr\/it\/wp-json\/wp\/v2\/pages"}],"about":[{"href":"https:\/\/test.kithera.gr\/it\/wp-json\/wp\/v2\/types\/page"}],"author":[{"embeddable":true,"href":"https:\/\/test.kithera.gr\/it\/wp-json\/wp\/v2\/users\/1"}],"replies":[{"embeddable":true,"href":"https:\/\/test.kithera.gr\/it\/wp-json\/wp\/v2\/comments?post=31285"}],"version-history":[{"count":0,"href":"https:\/\/test.kithera.gr\/it\/wp-json\/wp\/v2\/pages\/31285\/revisions"}],"up":[{"embeddable":true,"href":"https:\/\/test.kithera.gr\/it\/wp-json\/wp\/v2\/pages\/31239"}],"wp:attachment":[{"href":"https:\/\/test.kithera.gr\/it\/wp-json\/wp\/v2\/media?parent=31285"}],"curies":[{"name":"wp","href":"https:\/\/api.w.org\/{rel}","templated":true}]}}