{"id":31275,"date":"2022-11-30T11:24:25","date_gmt":"2022-11-30T09:24:25","guid":{"rendered":"https:\/\/test.kithera.gr\/informazioni-citera\/geografia-natura-citera\/flora-citera\/semiarbusti-citera\/"},"modified":"2022-12-15T19:51:23","modified_gmt":"2022-12-15T17:51:23","slug":"semiarbusti-citera","status":"publish","type":"page","link":"https:\/\/test.kithera.gr\/it\/informazioni-citera\/geografia-natura-citera\/flora-citera\/semiarbusti-citera\/","title":{"rendered":"Semiarbusti Citera"},"content":{"rendered":"\n<div class=\"page-container\">\r\n<div class=\"infobox bg-4\">\r\n<h1>Semi-arbusto di Citera<\/h1>\r\n<p>A Kythira, a causa del rilievo polimorfo, l&#8217;isola \u00e8 essenzialmente un altopiano rialzato con coste scoscese intorno, questo crea diverse altitudini con il risultato che si possono osservare grandi differenze di precipitazioni e temperature in molte aree. Queste diverse condizioni locali contribuiscono ad avere un&#8217;ampia variet\u00e0 di piante, cio\u00e8 una ricca flora.\r\nLe aree a cespuglio formano il caratteristico mosaico del paesaggio naturale dell&#8217;isola, costituito da fitte, spesso impenetrabili, macchie di cespugli, solitamente alte 1-3 m.<\/p>\r\n<\/div>\r\n\r\n<div class=\"infobox-photo photo-l\">\r\n<img loading=\"lazy\" decoding=\"async\" src=\"https:\/\/test.kithera.gr\/wp-content\/uploads\/2022\/11\/myrtia.jpg\" alt=\"Myrtia Citera\" width=\"550\" height=\"550\"\/>\r\n<h2>Mirto<\/h2>\r\n<p>Il mirto \u00e8 un arbusto sempreverde, con un&#8217;altezza che pu\u00f2 raggiungere anche i 5 metri. Ha fiori bianchi e il frutto \u00e8 un binario, quasi sferico o ellittico. Le sue foglie sono lanceolate, pteroneura, pungenti e aromatiche. Si propaga per semina o talea. <br\/>\r\nSi coltiva all&#8217;aperto, in vaso e in serra. Viene utilizzato in profumeria, cosmetica e farmaceutica. Produce olio essenziale (olio di mirto). Il suo legno resistente \u00e8 utilizzato nella leptossilurgia e i suoi rami nell&#8217;intreccio di cesti. La pianta era conosciuta fin dall&#8217;antichit\u00e0 ed \u00e8 menzionata da Dioskouridis. <br\/>\r\nIl mirto era glorificato nelle religioni semitiche ed era la pianta sacra di Afrodite di Paphos, che quando emerse nuda dal mare si nascose dietro un mirto. Il mirto era il simbolo della bellezza e della giovinezza. Il mirto \u00e8 conosciuto fin dall&#8217;antichit\u00e0, quando veniva usato come pianta decorativa nei templi. Il mirto \u00e8 anche associato al matrimonio.<\/p>\r\n<\/div>\r\n\r\n<hr\/>\r\n<div class=\"infobox-photo photo-r\">\r\n<img loading=\"lazy\" decoding=\"async\" src=\"https:\/\/test.kithera.gr\/wp-content\/uploads\/2022\/11\/ereiki.jpg\" alt=\"Hemithamni Citera\" width=\"550\" height=\"550\"\/>\r\n<h2>Erica<\/h2>\r\n<p>\u00c8 un arbusto basso con foglie piccole (4-8 mm) e lineari. I fiori sono piccoli (3-3,5 mm), campanulati, rosa con antere dai lobi sporgenti. Fiorisce in autunno, da fine agosto a inizio novembre ed \u00e8 una delle caratteristiche (dominante nella regione di Argalasti Pelion, in Halkidiki, ecc.) della vegetazione della macchia mediterranea. <br\/>\r\nL&#8217;erica (Erica manipuliflora) comunemente nota come erica autunnale o susura appartiene alla famiglia delle Ericaceae (Erica), che comprende anche sedum e rododendri. \u00c8 una specie mediterranea ristretta distribuita principalmente nel Mediterraneo centrale e orientale. <\/p>\r\n<\/div>\r\n\r\n<hr\/>\r\n<div class=\"infobox-photo photo-l\">\r\n<img loading=\"lazy\" decoding=\"async\" src=\"https:\/\/test.kithera.gr\/wp-content\/uploads\/2022\/11\/agioklima.jpg\" alt=\"Agioklima\" width=\"550\" height=\"550\"\/>\r\n<h2>Santo agrifoglio<\/h2>\r\n<p>La maggior parte delle specie di Lonicera sono rampicanti resistenti, con una minoranza di arbusti.[1] Alcune specie (tra cui Lonicera hildebrandiana delle pendici dell&#8217;Himalaya e L. etrusca del Mediterraneo) sono sensibili e possono essere coltivate all&#8217;aperto solo nelle zone subtropicali. Le foglie sono opposte, ovate semplici, lunghe 1-10 cm, la maggior parte sono decidue ma alcune specie sono sempreverdi. <br\/>\r\nIl caprifoglio \u00e8 apprezzato come pianta da giardino per la sua capacit\u00e0 di ricoprire muri ed edifici antiestetici, con i suoi abbondanti fiori tubolari all&#8217;inizio dell&#8217;estate e il forte profumo di molte variet\u00e0. I tipi rampicanti resistenti hanno bisogno delle loro radici all&#8217;ombra e delle loro cime fiorite alla luce del sole o all&#8217;ombra molto leggera. <\/p>\r\n<\/div>\r\n\r\n<hr\/>\r\n<div class=\"infobox-photo photo-r\">\r\n<img loading=\"lazy\" decoding=\"async\" src=\"https:\/\/test.kithera.gr\/wp-content\/uploads\/2022\/11\/aspalathos.jpg\" alt=\"Apiranthos\" width=\"550\" height=\"550\"\/>\r\n<h2>Infinito<\/h2>\r\n<p>L&#8217;Apiranthos o apiganos \u00e8 una pianta aromatica perenne con foglie leggermente verdi e piccoli fiori. Prospera nelle zone aride e grazie al suo forte aroma e alla sua capacit\u00e0 di respingere gli insetti di alcune colture \u00e8 adatto per i giardini. A Creta si trova quasi ovunque nelle campagne e si pu\u00f2 trovare anche nei vivai.<br\/>\r\nC&#8217;\u00e8 la convinzione che il pagano sia pi\u00f9 forte se prendi una pianta dal giardino di qualcun altro e assicurati che la persona che la trapianta sia quella che la user\u00e0 in seguito, perch\u00e9 l&#8217;energia della persona rimarr\u00e0 nelle foglie e nella pianta.\r\nPer quanto riguarda la sua piantagione, la tradizione popolare stabilisce alcune regole, ovvero non dovresti piantare questa erba se ti senti arrabbiato, depresso o ansioso. <\/p>\r\n<\/div>\r\n\r\n<hr\/>\r\n<div class=\"infobox-photo photo-l\">\r\n<img loading=\"lazy\" decoding=\"async\" src=\"https:\/\/test.kithera.gr\/wp-content\/uploads\/2022\/11\/astoivi.jpg\" alt=\"Astoivi\" width=\"550\" height=\"550\"\/>\r\n<h2>Risarcimento<\/h2>\r\n<p>Astrovi \u00e8 un tipo di albero del pane che domina molte isole dell&#8217;Egeo. Phrygana cresce nelle zone pi\u00f9 aride della Grecia e fino ad un&#8217;altitudine di circa 300 metri. Sono costituiti da cespugli radi e bassi con foglie piccole e spesso lanuginose, rami spinosi e si adattano alla siccit\u00e0 estiva. La loro caratteristica \u00e8 il dimorfismo stagionale (foglie piccole in estate, grandi in inverno), che esibiscono per regolare il tasso di perdita d&#8217;acqua attraverso la traspirazione.<br\/>\r\nPoich\u00e9 il carice ha spine e una struttura che impedisce il pascolo, \u00e8 considerato un&#8217;erbaccia da molti pastori &#8220;guardaboschi&#8221;. Quindi cercano in tutti i modi di limitarlo. Ma per quanto strano possa sembrare, la calunnia si moltiplica ed espande il suo dominio proprio perch\u00e9 viene combattuta. Avendo adattamenti per fronteggiare il fuoco anche con gli effetti della radice viva, non solo resiste ma supera agevolmente lo shock del fuoco con cui gli abitanti delle nostre isole cercano di limitarlo. <\/p>\r\n<\/div>\r\n\r\n<hr\/>\r\n<div class=\"infobox-photo photo-r\">\r\n<img loading=\"lazy\" decoding=\"async\" src=\"https:\/\/test.kithera.gr\/wp-content\/uploads\/2022\/11\/asfaka.jpg\" alt=\"Asfaka Citera\" width=\"550\" height=\"550\"\/>\r\n<h2>Affaka<\/h2>\r\n<p>Il safaka (Phlomis fruticosa), \u00e8 una pianta legnosa &#8211; un arbusto della famiglia dei carici dell&#8217;ordine dei carici.\r\nCresce prevalentemente in terreni rocciosi o sassosi e raggiunge un&#8217;altezza massima di un metro e mezzo. Fiorisce a seconda della zona da fine marzo a inizio giugno. I suoi fiori sono di colore giallo e si formano nella parte superiore della pianta. <br\/>\r\nIn passato veniva utilizzato per la medicina ma anche per la fabbricazione della polvere da sparo. Le sue propriet\u00e0 medicinali erano note agli antichi greci, che lo usavano per vari scopi medicinali. Durante la Rivoluzione greca del 21, veniva utilizzato per produrre un tipo di polvere da sparo per le esigenze della lotta.\r\nViene utilizzato anche come combustibile, mentre in alcuni paesi, come Germania e Inghilterra, viene utilizzato anche come pianta ornamentale. <\/p>\r\n<\/div>\r\n\r\n<hr\/>\r\n<div class=\"infobox-photo photo-l\">\r\n<img loading=\"lazy\" decoding=\"async\" src=\"https:\/\/test.kithera.gr\/wp-content\/uploads\/2022\/11\/eouforbia.jpg\" alt=\"Euphorbia Kythera\" width=\"550\" height=\"550\"\/>\r\n<h2>Euforbia<\/h2>\r\n<p>L&#8217;Euphorbia \u00e8 un vasto genere di piante della famiglia delle Euphorbiaceae, rappresentato in Grecia da pi\u00f9 di 40 specie. Una caratteristica speciale delle euforbie \u00e8 la loro infiorescenza a forma di coppa, motivo per cui \u00e8 chiamata kyathio dall&#8217;antica parola greca per coppa. <br\/>\r\nEuphorbia lactea cristata, \u00e8 una succulenta di facile coltivazione, derivante dall&#8217;innesto di due specie. Cio\u00e8, due piante in una! La sua parte superiore \u00e8 Euphorbia lactea e il suo colore \u00e8 grigio-argento, che pu\u00f2 diventare rossastro se la pianta \u00e8 felice nel suo ambiente. La sua parte inferiore \u00e8 solitamente Euphorbia neriifolia. La sua forma ricorda un corallo ed \u00e8 il risultato di una normale mutazione di Euphorbia lactea ed \u00e8 anche conosciuta come pianta del corallo.<\/p>\r\n<\/div>\r\n\r\n<hr\/>\r\n<div class=\"infobox-photo photo-r\">\r\n<img loading=\"lazy\" decoding=\"async\" src=\"https:\/\/test.kithera.gr\/wp-content\/uploads\/2022\/11\/gkenista.jpg\" alt=\"Glenitsa\" width=\"550\" height=\"550\"\/>\r\n<h2>Genista<\/h2>\r\n<p>Genista o Afana \u00e8 un arbusto deciduo, ramificato lateralmente, compatto, a crescita breve. Ha fioritura primaverile botroide, gialla, profumata. I suoi rami sembrano spartani. Resistente a molto freddo, senza particolari requisiti del suolo e del clima.<br\/>\r\nGenista, o afana, \u00e8 un arbusto ornamentale, con un&#8217;altezza che va dai 10 centimetri al mezzo metro. La sua larghezza, partendo da 50 centimetri, pu\u00f2 arrivare fino a 1 metro di estensione. Per raggiungere la sua dimensione finale, ci vorranno dai 5 ai 10 anni, dopodich\u00e9 non crescer\u00e0 in modo significativo.<br\/>\r\nIl suo fogliame verde poggia su germogli fortemente ramificati, anch&#8217;essi verdi, che si intrecciano tra loro formando piccole masse a ciuffo. Costituito da piccole foglie verdi semplici, ha un aspetto rado, creando un&#8217;immagine distintiva di arbusto.\r\nI fiori dell&#8217;afana compaiono all&#8217;inizio dell&#8217;estate. Di colore giallo brillante, molti insieme, ai margini del fogliame, hanno la forma di un fiore di fagiolo, mentre spesso sono cos\u00ec numerosi da coprirne la cornice verde. <\/p>\r\n<\/div>\r\n\r\n<hr\/>\r\n<div class=\"infobox-photo photo-l\">\r\n<img loading=\"lazy\" decoding=\"async\" src=\"https:\/\/test.kithera.gr\/wp-content\/uploads\/2022\/11\/sxoino.jpg\" alt=\"Kithera rope\" width=\"550\" height=\"550\"\/>\r\n<h2>Shino<\/h2>\r\n<p>Schinos, originario delle macchie naturali del Mediterraneo, \u00e8 un robusto arbusto sempreverde di grande crescita. Ha fogliame verde scuro ed estremamente denso, bellissimi fiori rossi che compaiono dalla tarda primavera all&#8217;inizio dell&#8217;estate e frutti neri &#8211; quando sono maturi. \u00c8 una pianta particolarmente facile da coltivare, molto resistente a nemici e malattie e non necessita quasi di cure. <br\/>\r\nIl chinos, pianta integrante del paesaggio mediterraneo, viene utilizzato sia in orticoltura che nell&#8217;architettura del paesaggio, e in effetti in luoghi dove sopravvivono poche piante, come quelle situate vicino o vicino al mare. <\/p>\r\n<\/div>\r\n\r\n<hr\/>\r\n<div class=\"infobox-photo photo-r\">\r\n<img loading=\"lazy\" decoding=\"async\" src=\"https:\/\/test.kithera.gr\/wp-content\/uploads\/2022\/11\/agielia.jpg\" alt=\"Agrielia\" width=\"550\" height=\"550\"\/>\r\n<h2>Agrilia<\/h2>\r\n<p>L&#8217;olivo selvatico si trova naturalmente nella zona delle foreste di latifoglie sempreverdi ed \u00e8 una popolazione con molte varianti. I suoi rami sono numerosi, corti e duri, pi\u00f9 o meno spinosi e piuttosto angolosi (ricurvi).<br\/>\r\nIl tronco \u00e8 spesso, ruvido, spesso arrotondato, ricurvo o tortuoso. In rari casi di alberi secolari, la sua altezza pu\u00f2 raggiungere anche i 15 metri. La corteccia \u00e8 di colore grigio cenere e inizialmente, negli alberi giovani, \u00e8 liscia. Nel tempo si formano grumi e diventa nodulare. Le foglie sono piccole e coriacee, picciolate, disposte in modo opposto, coriacee con margini lisci. Sono di forma lanceolata ellittica, arrotondata o ovale e il loro colore nella parte superiore \u00e8 verde scuro.<br\/>\r\nIn epoca classica era anche chiamato Kotinos, come la ghirlanda dei suoi rami con cui veniva incoronato il vincitore negli antichi giochi olimpici. <\/p>\r\n<\/div>\r\n\r\n<\/div>\n<div class='footeradsense'><h4>Enjoyed this article?<\/h4><p>Subscribe to our  <a href=\"http:\/\/feed.example.com\" target=\"_blank\" rel=\"noopener\">RSS feed<\/a> and never miss updates!<\/p><\/div>","protected":false},"excerpt":{"rendered":"<p>Semi-arbusto di Citera A Kythira, a causa del rilievo polimorfo, l&#8217;isola \u00e8 essenzialmente un altopiano rialzato con coste scoscese intorno, questo crea diverse altitudini con il risultato che si possono osservare grandi differenze di precipitazioni e temperature in molte aree. Queste diverse condizioni locali contribuiscono ad avere un&#8217;ampia variet\u00e0 di piante, cio\u00e8 una ricca flora. [&hellip;]<\/p>\n","protected":false},"author":1,"featured_media":0,"parent":31245,"menu_order":0,"comment_status":"closed","ping_status":"closed","template":"template\/template-homepage.php","meta":{"footnotes":""},"class_list":["post-31275","page","type-page","status-publish","hentry"],"_links":{"self":[{"href":"https:\/\/test.kithera.gr\/it\/wp-json\/wp\/v2\/pages\/31275","targetHints":{"allow":["GET"]}}],"collection":[{"href":"https:\/\/test.kithera.gr\/it\/wp-json\/wp\/v2\/pages"}],"about":[{"href":"https:\/\/test.kithera.gr\/it\/wp-json\/wp\/v2\/types\/page"}],"author":[{"embeddable":true,"href":"https:\/\/test.kithera.gr\/it\/wp-json\/wp\/v2\/users\/1"}],"replies":[{"embeddable":true,"href":"https:\/\/test.kithera.gr\/it\/wp-json\/wp\/v2\/comments?post=31275"}],"version-history":[{"count":0,"href":"https:\/\/test.kithera.gr\/it\/wp-json\/wp\/v2\/pages\/31275\/revisions"}],"up":[{"embeddable":true,"href":"https:\/\/test.kithera.gr\/it\/wp-json\/wp\/v2\/pages\/31245"}],"wp:attachment":[{"href":"https:\/\/test.kithera.gr\/it\/wp-json\/wp\/v2\/media?parent=31275"}],"curies":[{"name":"wp","href":"https:\/\/api.w.org\/{rel}","templated":true}]}}