{"id":31259,"date":"2022-11-30T11:34:54","date_gmt":"2022-11-30T09:34:54","guid":{"rendered":"https:\/\/test.kithera.gr\/informazioni-citera\/geografia-natura-citera\/flora-citera\/erbe-citera\/"},"modified":"2022-12-15T19:40:00","modified_gmt":"2022-12-15T17:40:00","slug":"erbe-citera","status":"publish","type":"page","link":"https:\/\/test.kithera.gr\/it\/informazioni-citera\/geografia-natura-citera\/flora-citera\/erbe-citera\/","title":{"rendered":"Erbe Citera"},"content":{"rendered":"\n<div class=\"page-container\">\r\n<div class=\"infobox bg-1\">\r\n<h1>Erbe di Citera<\/h1>\r\n<p>Citera \u00e8 una delle regioni pi\u00f9 ricche di piante medicinali e aromatiche della Grecia, con diverse dozzine di esse endemiche, poich\u00e9 il suolo, il clima e la posizione geografica dell&#8217;isola ne favoriscono la fioritura. Sin dai tempi antichi, le erbe sono state la cura ideale per raffreddori, dolori di stomaco o mal di gola, per problemi legati a problemi reumatici e persino per la nostra lucidit\u00e0 mentale. Ancora oggi continuiamo a fidarci della farmacia della natura e delle pratiche tramandate di generazione in generazione e applicate per i loro effetti curativi.<\/p>\r\n<\/div>\r\n\r\n\r\n<div class=\"infobox-photo photo-l\">\r\n<img loading=\"lazy\" decoding=\"async\" src=\"https:\/\/test.kithera.gr\/wp-content\/uploads\/2022\/11\/Fliskouni.jpg\" alt=\"Fliskouni Citera\" width=\"550\" height=\"550\"\/>\r\n<h2>Blister<\/h2>\r\nMentha pulegium \u00e8 un tipo di menta correlato alla menta verde e pu\u00f2 essere utilizzato al suo posto.\r\nSi trova naturalmente in tutta la Grecia, di solito vicino all&#8217;acqua e nelle zone costiere, ma pu\u00f2 anche essere coltivato. Le sue parti utilizzabili sono le foglie e i fiori, che si raccolgono da giugno a ottobre.<br\/>\r\nPianta da annuale a perenne con fusti ramificati striscianti o eretti che raggiungono un&#8217;altezza di circa 40 cm. Gli steli sono di sezione quadrata e possono variare da glabri in alcune piante a densamente pelosi in altre, di colore da verde a talvolta rosso o viola. Le foglie, che crescono in coppie opposte, sono strettamente ovate, lunghe 2-3 cm per 1 cm di larghezza, pennate, scarsamente dentate verso la punta e si assottigliano in un corto picciolo.\r\nIl suo habitat sono i pascoli stagionalmente umidi, dove l&#8217;acqua stagnante in inverno lascia il terreno nudo in estate e dove gli animali pascolano preferenzialmente altre piante.\r\n<\/div>\r\n\r\n<hr\/>\r\n<div class=\"infobox-photo photo-r\">\r\n<img loading=\"lazy\" decoding=\"async\" src=\"https:\/\/test.kithera.gr\/wp-content\/uploads\/2022\/11\/Faskomila.jpg\" alt=\"Herbs Kythera\" width=\"550\" height=\"550\"\/>\r\n<h2>Saggio<\/h2>\r\n<p>La salvia o salvia \u00e8 perenne, cespugliosa, con numerosi rami, alta fino a mezzo metro, che si trova in tutte le regioni della Grecia principalmente in luoghi aridi e sassosi. Viene consumato come decotto per le sue propriet\u00e0 medicinali, ma in alcuni casi ha effetti collaterali. Le sue foglie sono allungate e spesse, di colore bianco-verde. I suoi fiori crescono in spine, sono di colore viola e fioriscono da maggio a giugno. <br\/>\r\nLa pianta ha un forte odore aromatico ed \u00e8 coltivata per le sue propriet\u00e0 medicinali, come decotto e come spezia. Le foglie, che sono anche la parte pi\u00f9 utilizzata della pianta, vengono raccolte appena prima o all&#8217;inizio della fioritura con tempo secco e soleggiato, a maggio o giugno, ed essiccate all&#8217;ombra. <\/p>\r\n<\/div>\r\n\r\n<hr\/>\r\n<div class=\"infobox-photo photo-l\">\r\n<img loading=\"lazy\" decoding=\"async\" src=\"https:\/\/test.kithera.gr\/wp-content\/uploads\/2022\/11\/Thimari.jpg\" alt=\"Thymari\" width=\"550\" height=\"550\"\/>\r\n<h2>Timo<\/h2>\r\n<p>Il timo o Timo, Timo comune, \u00e8 un piccolo arbusto alto fino a 30 cm, con fusti eretti, estremamente resistente, ed emana un aroma molto gradevole. Si trova nelle regioni meridionali e mediterranee dell&#8217;Europa in varie parti dell&#8217;Asia ed \u00e8 coltivato in Nord America. <br\/>\r\nLe foglie di timo, una volta essiccate, assumono un colore verde-marrone e sprigionano il loro aroma se schiacciate. Il loro gusto \u00e8 molto forte, leggermente pungente e ricco. Insieme ai fiori essiccati, vengono utilizzati come spezia per insaporire vari cibi a base di pesce, carne, in varie salse, zuppe, ecc.<br\/>\r\nIl timo \u00e8 particolarmente amato dalle api e il miele di timo \u00e8 di ottima qualit\u00e0.\r\nLa bevanda al timo pu\u00f2 essere usata per trattare la tosse e la bronchite. Per preparare un infuso, metti 1 cucchiaino di erba secca o 2 cucchiaini di erba fresca, senza gambo, in 1 tazza di acqua bollente, copri per 10 minuti e poi filtra.<\/p>\r\n<\/div>\r\n\r\n<hr\/>\r\n<div class=\"infobox-photo photo-r\">\r\n<img loading=\"lazy\" decoding=\"async\" src=\"https:\/\/test.kithera.gr\/wp-content\/uploads\/2022\/11\/Dentrolibano.jpg\" alt=\"Rosmarino\" width=\"550\" height=\"550\"\/>\r\n<h2>Rosmarino<\/h2>\r\n<p>Il rosmarino (arch. greco: aposplinos), noto anche come arismari, \u00e8 una pianta molto conosciuta nell&#8217;antichit\u00e0, quando gli antichi greci lo utilizzavano in varie cerimonie e celebrazioni religiose, nella decorazione di edifici, templi e come combustibile per incenso.<br\/>\r\nSi tratta di un arbusto dalle foglie spesse e multiramificato con un&#8217;altezza che non supera i 2 metri. Le sue foglie sono coriacee, piccole, lineari. La superficie superiore delle foglie \u00e8 di colore verde scuro e la superficie inferiore \u00e8 leggermente soffice con un colore biancastro o leggermente grigiastro. I fiori si trovano in gruppi e spuntano all&#8217;ascella delle foglie. Il loro colore \u00e8 viola, blu-bianco o addirittura bianco. Non ha bisogno di molte annaffiature e pu\u00f2 crescere anche in zone montuose rocciose.<br\/>\r\nI teneri steli e foglie di rosmarino sono usati come condimento in molti cibi.\r\nDalle foglie del rosmarino si estrae un liquido che viene utilizzato nella preparazione di medicinali per i reumatismi, per varie irritazioni della bocca oltre che per la tosse. Dai gambi si estrae l&#8217;olio essenziale, che viene utilizzato in profumeria, nella produzione di saponi, e con opportune lavorazioni nella preparazione di insetticidi. <\/p>\r\n<\/div>\r\n\r\n<hr\/>\r\n<div class=\"infobox-photo photo-l\">\r\n<img loading=\"lazy\" decoding=\"async\" src=\"https:\/\/test.kithera.gr\/wp-content\/uploads\/2022\/11\/Barsamos.jpg\" alt=\"Varsamos\" width=\"550\" height=\"550\"\/>\r\n<h2>Varsamos o Diosmos<\/h2>\r\n<p>La menta \u00e8 un tipo di menta originaria dell&#8217;Europa e dell&#8217;Asia sudoccidentale.\r\n\u00c8 una pianta perenne rizomatosa che raggiunge un&#8217;altezza da 30 a 100 cm. I fusti e le foglie sono ricoperti in varia misura da peli, mentre il rizoma \u00e8 carnoso ed esteso. Le foglie sono ovali, lunghe da 5 a 9 cm e larghe da 1,5 a 3 cm. I suoi fiori sono piccoli rosa o viola chiaro. Ne escono molti insieme in spighe in cima ai germogli. <br\/>\r\nLa menta \u00e8 usata per aromatizzare vari cibi.<br\/>\r\nI benefici della menta sono molteplici per il corpo umano, in quanto include nutrienti come potassio, manganese, ferro, calcio e magnesio. Inoltre, ha un effetto antiossidante e incorpora vitamine, tra cui le vitamine C, B6, A e beta-carotene.<br\/>\r\nAiuta le vie respiratorie come decotto per i raffreddori invernali, l&#8217;apparato gastrointestinale lenendo i sintomi del reflusso gastroesofageo, ma anche emicranie e mal di gola. <\/p>\r\n<\/div>\r\n\r\n<hr\/>\r\n<div class=\"infobox-photo photo-r\">\r\n<img loading=\"lazy\" decoding=\"async\" src=\"https:\/\/test.kithera.gr\/wp-content\/uploads\/2022\/11\/Hamomili.jpg\" alt=\"Camomilla di Kythera\" width=\"550\" height=\"550\"\/>\r\n<h2>Camomilla<\/h2>\r\n<p>La sua etimologia \u00e8 dall&#8217;antico chamaimelon, da &#8220;hamai&#8221; (hamo, gi\u00f9 a terra, alla terra) e &#8220;\u03bc\u1fc6\u03bb\u03bf\u03bd&#8221; perch\u00e9 l&#8217;odore dei fiori ricorda quello di una mela. <br\/>\r\nLa camomilla ha propriet\u00e0 calmanti, toniche, antisettiche e insetticide. Funziona anche contro i gas intestinali. Distillando i fiori si ottiene un pregiato olio essenziale le cui propriet\u00e0 sono simili a quelle dell&#8217;olio essenziale del nobile Anthemis (Anthemis nobilis), pianta originaria della California dove viene coltivata come ornamentale. <br\/>\r\nIl decotto con lo stesso nome \u00e8 fatto con fiori di camomilla. Gli estratti di camomilla sono utilizzati anche in vari cosmetici o shampoo.<\/p>\r\n<\/div>\r\n\r\n<hr\/>\r\n<div class=\"infobox-photo photo-l\">\r\n<img loading=\"lazy\" decoding=\"async\" src=\"https:\/\/test.kithera.gr\/wp-content\/uploads\/2022\/11\/Aggouragkathea.jpg\" alt=\"Aggouragkathea di Citera\" width=\"550\" height=\"550\"\/>\r\n<h2>Spina di cetriolo<\/h2>\r\n<p>Il Silybum marianum \u00e8 un&#8217;erba che cresce nelle zone rocciose principalmente nel Mediterraneo. Appartiene alla famiglia delle Asteraceae, come le margherite, e la parte attiva della pianta \u00e8 il suo frutto, da cui si ricava l&#8217;estratto. Il fiore della pianta \u00e8 un fiore appuntito rosso-viola e contiene semi neri.<br\/>\r\nIl cardo mariano pu\u00f2 essere consumato come bevanda mentre \u00e8 disponibile negli integratori alimentari in compresse, capsule e tintura. Il cardo mariano viene utilizzato nei casi di epatite, ittero, infiltrazione grassa del fegato e nel trattamento della psoriasi. <\/p>\r\n<\/div>\r\n\r\n<hr\/>\r\n<div class=\"infobox-photo photo-r\">\r\n<img loading=\"lazy\" decoding=\"async\" src=\"https:\/\/test.kithera.gr\/wp-content\/uploads\/2022\/11\/Moloxa.jpg\" alt=\"Moloxa\" width=\"550\" height=\"550\"\/>\r\n<h2>Moloca<\/h2>\r\n<p>\u00c8 una pianta particolarmente diffusa in tutto il bacino del Mediterraneo e in molti altri luoghi. Cresce dalla zona costiera fino ad un&#8217;altitudine abbastanza elevata. La malva ha fogliame denso, con foglie palmate e fiori per lo pi\u00f9 rosa, che crescono dal fusto. Il suo periodo di fioritura comprende l&#8217;intero periodo della primavera e l&#8217;inizio dell&#8217;estate. <br\/>\r\nNella medicina tradizionale l&#8217;uso della malva potrebbe essere utilizzato come commestibile e come pianta medicinale. Nell&#8217;antica Grecia era molto apprezzato (menzionato da Pitagora e Platone). Ateneo nei Deipnosofisti (Libro B) scrive che \u00e8 considerato un &#8220;pulitore di arterie&#8221; probabilmente perch\u00e9 usato come medicinale profilattico contro l&#8217;arteriosclerosi.<br\/>\r\nNella recente medicina popolare, le foglie di malva vengono strofinate su un punto che fa male al tocco dell&#8217;ortica. Come dice il proverbio, &#8220;calma il formicolio&#8221;. Il decotto dei suoi fiori \u00e8 considerato emolliente, espettorante, stimolante dell&#8217;intestino. Il pediluvio decotto di molochanthi allevia la fatica. L&#8217;impiastro di foglie di malva allevia l&#8217;eczema e il dolore da punture di insetti. <\/p>\r\n<\/div>\r\n\r\n<hr\/>\r\n<div class=\"infobox-photo photo-l\">\r\n<img loading=\"lazy\" decoding=\"async\" src=\"https:\/\/test.kithera.gr\/wp-content\/uploads\/2022\/11\/Rigani.jpg\" alt=\"Rigani Citera\" width=\"550\" height=\"550\"\/>\r\n<h2>Origano<\/h2>\r\n<p>L&#8217;origano \u00e8 una pianta aromatica erbacea, perenne, originaria e arbustiva del Mediterraneo e dell&#8217;Asia centrale. La pianta \u00e8 alta 20-80 cm, ha foglie opposte lunghe 1-4 cm, i suoi fiori sono di colore bianco-violaceo e fioriscono da giugno principalmente ad agosto a seconda della regione.<br\/>\r\nL&#8217;origano greco \u00e8 una pianta perenne ed erbacea la cui qualit\u00e0 \u00e8 considerata una delle migliori al mondo. In Grecia, l&#8217;origano \u00e8 autoctono e si trova nelle zone montuose e rocciose. <br\/>\r\nL&#8217;origano, oltre al caratteristico aroma e gusto che dona ai cibi, ha anche molte propriet\u00e0 medicinali. \u00c8 antidiarroico, antinfiammatorio, battericida. Sotto forma di decotti, viene utilizzato per rilassare l&#8217;intestino, espettorante per la tosse, aiuta con l&#8217;ipertensione e l&#8217;arteriosclerosi. L&#8217;olio essenziale di origano (olio di origano) \u00e8 usato per il mal di denti. L&#8217;origano ha 12 volte pi\u00f9 attivit\u00e0 antiossidante di un&#8217;arancia, 30 volte pi\u00f9 di una patata e 42 volte pi\u00f9 di una mela. <\/p>\r\n<\/div>\r\n\r\n<hr\/>\r\n<div class=\"infobox-photo photo-r\">\r\n<img loading=\"lazy\" decoding=\"async\" src=\"https:\/\/test.kithera.gr\/wp-content\/uploads\/2022\/11\/Throumpi.jpg\" alt=\"Throumpi\" width=\"550\" height=\"550\"\/>\r\n<h2>Coagulo<\/h2>\r\n<p>Thrubi \u00e8 un bellissimo arbusto con un forte aroma. \u00c8 una pianta presente in quasi tutte le regioni temperate del pianeta. \u00c8 una pianta conosciuta fin dall&#8217;antichit\u00e0 ed \u00e8 stata utilizzata in cucina come aromatica per pi\u00f9 di 2000 anni e anche come erba.<br\/>\r\nI fiori sono di colore bianco, rosa o porpora, crescono in infiorescenze alle estremit\u00e0 del fusto, utili per l&#8217;olio essenziale. Il periodo di fioritura va da giugno a settembre. Attira api e farfalle. Dopo che i fiori maturano, vengono creati migliaia di piccoli semi.<br\/>\r\nIn passato veniva utilizzato come antidoto alle punture di api, vespe e altri insetti. Anche come decotto per mal di gola, tosse e bronchite. L&#8217;olio essenziale ha propriet\u00e0 antimicotiche e antibatteriche. I romani consideravano i trombi un&#8217;erba afrodisiaca e non senza ragione. <br\/>\r\nI trombi oggi sono usati anche come tonico, digestivo per l&#8217;apparato digerente e come antipasto. Viene persino utilizzato nell&#8217;industria per aromatizzare saponi, dentifrici, ecc. <\/p>\r\n<\/div>\r\n\r\n<\/div>\n<div class='footeradsense'><h4>Enjoyed this article?<\/h4><p>Subscribe to our  <a href=\"http:\/\/feed.example.com\" target=\"_blank\" rel=\"noopener\">RSS feed<\/a> and never miss updates!<\/p><\/div>","protected":false},"excerpt":{"rendered":"<p>Erbe di Citera Citera \u00e8 una delle regioni pi\u00f9 ricche di piante medicinali e aromatiche della Grecia, con diverse dozzine di esse endemiche, poich\u00e9 il suolo, il clima e la posizione geografica dell&#8217;isola ne favoriscono la fioritura. Sin dai tempi antichi, le erbe sono state la cura ideale per raffreddori, dolori di stomaco o mal [&hellip;]<\/p>\n","protected":false},"author":1,"featured_media":0,"parent":31245,"menu_order":0,"comment_status":"closed","ping_status":"closed","template":"template\/template-homepage.php","meta":{"footnotes":""},"class_list":["post-31259","page","type-page","status-publish","hentry"],"_links":{"self":[{"href":"https:\/\/test.kithera.gr\/it\/wp-json\/wp\/v2\/pages\/31259","targetHints":{"allow":["GET"]}}],"collection":[{"href":"https:\/\/test.kithera.gr\/it\/wp-json\/wp\/v2\/pages"}],"about":[{"href":"https:\/\/test.kithera.gr\/it\/wp-json\/wp\/v2\/types\/page"}],"author":[{"embeddable":true,"href":"https:\/\/test.kithera.gr\/it\/wp-json\/wp\/v2\/users\/1"}],"replies":[{"embeddable":true,"href":"https:\/\/test.kithera.gr\/it\/wp-json\/wp\/v2\/comments?post=31259"}],"version-history":[{"count":0,"href":"https:\/\/test.kithera.gr\/it\/wp-json\/wp\/v2\/pages\/31259\/revisions"}],"up":[{"embeddable":true,"href":"https:\/\/test.kithera.gr\/it\/wp-json\/wp\/v2\/pages\/31245"}],"wp:attachment":[{"href":"https:\/\/test.kithera.gr\/it\/wp-json\/wp\/v2\/media?parent=31259"}],"curies":[{"name":"wp","href":"https:\/\/api.w.org\/{rel}","templated":true}]}}