{"id":31253,"date":"2022-11-30T10:23:19","date_gmt":"2022-11-30T08:23:19","guid":{"rendered":"https:\/\/test.kithera.gr\/informazioni-citera\/geografia-natura-citera\/flora-citera\/fiori-citera\/"},"modified":"2022-12-15T19:34:10","modified_gmt":"2022-12-15T17:34:10","slug":"fiori-citera","status":"publish","type":"page","link":"https:\/\/test.kithera.gr\/it\/informazioni-citera\/geografia-natura-citera\/flora-citera\/fiori-citera\/","title":{"rendered":"Fiori Citera"},"content":{"rendered":"\n<div class=\"page-container\">\r\n<div class=\"infobox bg-3\">\r\n<h1>Fiori di Citera<\/h1>\r\n<p>Le campagne dell&#8217;isola sono inondate di splendidi fiori che crescono anche nei luoghi pi\u00f9 impensati e non solo, tutto l&#8217;anno. Nei prati accanto agli alberi, sulle rocce scoscese e persino vicino al mare, una moltitudine di 723 specie di piante registrate arricchisce la natura di Citera, classificando la terra dell&#8217;isola come dotata di un&#8217;alta densit\u00e0 di specie vegetali. Il noto fiore endemico direttamente associato all&#8217;isola \u00e8 Sembreviva o Elichrysos, con i suoi piccoli bellissimi fiori gialli rotondi che non appassiscono mai, ma vivono per sempre come suggerisce il nome. Ma non sar\u00e0 sorprendente imbattersi in bellissimi tulipani, fragranti calendule o narcisi o persino rare orchidee.<\/p>\r\n<\/div>\r\n\r\n<div class=\"infobox-photo photo-l\">\r\n<img loading=\"lazy\" decoding=\"async\" src=\"https:\/\/test.kithera.gr\/wp-content\/uploads\/2022\/11\/Sembrebiba-1.jpg\" alt=\"\u03a3\u03b5\u03bc\u03c0\u03c1\u03b5\u03b2\u03af\u03b2\u03b1 \u03ba\u03c5\u03b8\u03b7\u03c1\u03b1\" width=\"550\" height=\"550\"\/>\r\n<h2>Sembreviva<\/h2>\r\n<p>Il piccolo fiore giallo prende il nome dalla parola italiana sempre che significa sempre, e vivere che significa vivere, cio\u00e8, liberamente tradotto, vivo per sempre. I conquistatori veneziani diedero questo nome al piccolo fiore di amaranto che sembra secco e conserva il suo colore per molti anni senz&#8217;acqua. <br\/>\r\nLa leggenda narra che quando Paride rub\u00f2 la bella Elena a Sparta, durante il viaggio verso Troia si fermarono a Citera per fare libagioni in onore della dea Afrodite che li proteggeva. Trascorsero alcuni giorni a Citera e consumarono la loro storia d&#8217;amore. La bella Elena, per\u00f2, era gelosa della dea Afrodite che, secondo la mitologia, viveva sull&#8217;isola e chiese a Parigi di dirle che era la donna pi\u00f9 bella. Paride volendo rassicurare la bella Elena le disse mostrandole il fiore giallo. Vedi questo fiore, i tuoi capelli sono del suo colore dorato, il tuo corpo \u00e8 come il suo gambo e la tua pelle \u00e8 morbida come i tuoi petali. La tua bellezza sar\u00e0 preservata cos\u00ec per sempre.<\/p>\r\n<\/div>\r\n<hr\/>\r\n<div class=\"infobox-photo photo-r\">\r\n<img loading=\"lazy\" decoding=\"async\" src=\"https:\/\/test.kithera.gr\/wp-content\/uploads\/2022\/11\/Kyano-Loupino.jpg\" alt=\"\u039b\u03bf\u03c5\u03bb\u03bf\u03cd\u03b4\u03b9\u03b1 \u039a\u03cd\u03b8\u03b7\u03c1\u03b1\" width=\"550\" height=\"550\"\/>\r\n<h2>Lupino blu<\/h2>\r\n<p>\u00c8 una pianta erbacea perenne con forti germogli che raggiungono un&#8217;altezza di 1,5 metri. Le foglie sono composte palmate con 9-17 foglioline lunghe 3-15 cm. I fiori sono prodotti in una punta alta, ogni fiore lungo 1\u20131,5 cm, pi\u00f9 comunemente dal blu al viola in natura. I fiori sono visitati principalmente dai bombi. La variet\u00e0 Polyphyllus in particolare costituisce un gran numero di ibridi generalmente coltivati \u200b\u200bcome lupini da giardino, che possono variare notevolmente di colore.<br\/>\r\n\u00c8 comunemente usato nei giardini per la sua attrattiva per le api, la sua capacit\u00e0 di migliorare i terreni sabbiosi poveri con la sua capacit\u00e0 di fissare l&#8217;azoto e per i suoi fiori. Molte cultivar sono state selezionate per diversi colori di fiori come rosso, rosa, bianco, blu e multicolore con colori diversi su petali diversi. Sono state allevate cultivar a basso contenuto di alcaloidi o dolci di questo lupino adatte alle colture foraggere.<\/p>\r\n<\/div>\r\n<hr\/>\r\n<div class=\"infobox-photo photo-l\">\r\n<img loading=\"lazy\" decoding=\"async\" src=\"https:\/\/test.kithera.gr\/wp-content\/uploads\/2022\/11\/Komi-Afroditis.jpg\" alt=\"\u039a\u03cc\u03bc\u03b7 \u0391\u03c6\u03c1\u03bf\u03b4\u03af\u03c4\u03b7\u03c2\" width=\"550\" height=\"550\"\/>\r\n<h2>Conte Venere<\/h2>\r\n<p>Adiantum capillus-veneris cresce fino a un&#8217;altezza di 15-30 cm. Le sue foglie nascono in grappoli da rizomi striscianti alti da 20 a 70 cm, con foglie verde chiaro molto delicate divise in pinne lunghe e larghe da 5 a 10 mm. La colonna vertebrale superiore \u00e8 nera e metallica.<br\/>\r\nQuesta pianta \u00e8 usata in medicina dai nativi americani. La trib\u00f9 Mahuna usava la pianta per i reumatismi e i Navajo usavano un infuso della pianta come lozione per le punture di api e millepiedi. I Navajo la fumano o la bevono anche per curare le malattie mentali.\r\nNella medicina tradizionale iraniana, l&#8217;infuso di foglie di Adiantum capillus-veneris \u00e8 usato per curare l&#8217;ittero. <\/p>\r\n<\/div>\r\n<hr\/>\r\n<div class=\"infobox-photo photo-r\">\r\n<img loading=\"lazy\" decoding=\"async\" src=\"https:\/\/test.kithera.gr\/wp-content\/uploads\/2022\/11\/Toulipes.jpg\" alt=\"\u03a4\u03bf\u03c5\u03bb\u03af\u03c0\u03b1\" width=\"550\" height=\"550\"\/>\r\n<h2>Tulipano<\/h2>\r\n<p>I tulipani sono piante bulbose e il loro bulbo \u00e8 ovale, e ricoperto da vari strati membranosi di colore bruno. La loro propagazione avviene con questi bulbi, che creano rizomi sotterranei e, a loro volta, questi rizomi nuovi bulbi, e quindi si possono creare intere colonie.<br\/>\r\nLe foglie del tulipano sono lunghe e carnose, scanalate con forma lanceolata o ovale.\r\nNel Peloponneso e Citera troviamo il tulipano a fiore giallo, a Malea e Hionovuni, che sembra una fiamma e lo chiamiamo &#8220;lanterna&#8221;.<br\/>\r\n  La flora greca comprende nove specie dello stesso genere: Hageria, Klusiania, Southern, Orphanidea, Mountainous, Early, Cretan, Brachyphye e Beotian.<\/p>\r\n<\/div>\r\n<hr\/>\r\n<div class=\"infobox-photo photo-l\">\r\n<img loading=\"lazy\" decoding=\"async\" src=\"https:\/\/test.kithera.gr\/wp-content\/uploads\/2022\/11\/Anemoni.jpg\" alt=\"\u0391\u03bd\u03b5\u03bc\u03ce\u03bd\u03b7\" width=\"550\" height=\"550\"\/>\r\n<h2>Anemone<\/h2>\r\n<p>L&#8217;anemone o anemone \u00e8 una pianta angiosperma, dicotiledone, e appartiene alla famiglia delle Rane o Rane dell&#8217;ordine delle Rane.\r\n\u00c8 diffuso in tutto il mondo, sia autoctono che coltivato, ma si trova principalmente nei boschi e nelle praterie delle regioni settentrionali e temperate. Il nome anemone deriva dalla parola vento per l&#8217;ipotesi fatta dagli antichi greci che queste piante fiorissero solo quando soffiava il vento.<br\/>\r\nCi sono circa 150 specie di anemoni. Molte variet\u00e0 vengono coltivate in giardini e parchi per i loro bellissimi fiori.\r\nDelle specie autoctone, molte sono velenose. L&#8217;anemone, invece, si mangia se lessato a 100 gradi o se fritto insieme a mezzo chilo di cipolla. \u00c8 anche un ripieno per una torta tradizionale uzbeka.<\/p>\r\n<\/div>\r\n<hr\/>\r\n<div class=\"infobox-photo photo-r\">\r\n<img loading=\"lazy\" decoding=\"async\" src=\"https:\/\/test.kithera.gr\/wp-content\/uploads\/2022\/11\/Manousakia.jpg\" alt=\"\u039c\u03b1\u03bd\u03bf\u03c5\u03c3\u03ac\u03ba\u03b9\u03b1\" width=\"550\" height=\"550\"\/>\r\n<h2>Manousakia o Narciso<\/h2>\r\n<p>I Manousakis sono piante erbacee e possono raggiungere fino a 40 cm di lunghezza. I fiori sono bianchi e circondati da foglie lanceolate piuttosto sottili e lunghe, di colore scuro che raggiungono le stesse dimensioni. Come altri tipi di narcisi, i manousaki hanno uno dei profumi pi\u00f9 forti e riconoscibili dei fiori dell&#8217;area mediterranea, che \u00e8 anche l&#8217;unica regione del mondo dove si trova.<br\/>\r\nSecondo la mitologia greca, il nome scientifico dell&#8217;intera famiglia Narciso lo deve a un giovane molto bello, Narciso, che si vantava della sua bellezza. Da qui deriva la parola narcisismo. L&#8217;aroma che hanno i manousaki \u00e8 cos\u00ec intenso che in uno spazio chiuso pu\u00f2 persino causare narcosi negli esseri umani. Per questo nelle case del passato, quando qualcuno andava a dormire la notte, prendevano il barattolo con il manousaki dalla stanza dove dormivano e lo spostavano in un&#8217;altra stanza, perch\u00e9 conoscevano i pericoli che potevano derivare dal suo aroma . <\/p>\r\n<\/div>\r\n<hr\/>\r\n<div class=\"infobox-photo photo-l\">\r\n<img loading=\"lazy\" decoding=\"async\" src=\"https:\/\/test.kithera.gr\/wp-content\/uploads\/2022\/11\/Agriolebanta.jpg\" alt=\"\u0391\u03b3\u03c1\u03b9\u03bf\u03bb\u03b5\u03b2\u03ac\u03bd\u03c4\u03b1 \u03ba\u03c5\u03b8\u03ae\u03c1\u03c9\u03bd\" width=\"550\" height=\"550\"\/>\r\n<h2>Lavanda selvatica<\/h2>\r\n<p>\u00c8 una pianta cespugliosa e multiramificata, con germogli eretti che crescono dalla base. \u00c8 quindi un arbusto, con un&#8217;altezza da 30 a 80 cm. Ha foglie grigio-verdi, strette come lanceolate. I germogli fioriti terminano con un&#8217;infiorescenza a spiga.<br\/>\r\nL&#8217;olio essenziale di lavanda \u00e8 utilizzato in profumeria, saponificazione e farmaceutica come tonico e anti-catarrale. Il suo componente principale \u00e8 il composto chimico acetato di linalile.\r\nHa anche propriet\u00e0 antisettiche e viene utilizzato nella guarigione delle ferite. In grandi dosi la lavanda agisce come ipnotico e narcotico.<br\/>\r\nLe sue propriet\u00e0 curative sono note fin dall&#8217;antichit\u00e0 e sono menzionate da Dioscoride, Plinio e Galeno.<\/p>\r\n<\/div>\r\n<hr\/>\r\n<div class=\"infobox-photo photo-r\">\r\n<img loading=\"lazy\" decoding=\"async\" src=\"https:\/\/test.kithera.gr\/wp-content\/uploads\/2022\/11\/Kiklamina.jpg\" alt=\"\u039a\u03c5\u03ba\u03bb\u03ac\u03bc\u03b9\u03bd\u03bf\" width=\"550\" height=\"550\"\/>\r\n<h2>Ciclamino<\/h2>\r\n<p>Il ciclamino delle campagne \u00e8 uno dei fiori selvatici pi\u00f9 belli d&#8217;Europa. Cinque specie si trovano in Grecia. \u00c8 una pianta perenne con fiori viola o pi\u00f9 raramente bianchi e caratteristiche foglie a forma di cuore dai colori impressionanti. Alcune specie di ciclamino fioriscono in primavera e altre in autunno. Crescono dalle zone costiere fino ad altitudini di oltre 1000 metri in campagna. <br\/>\r\nLa specie di ciclamino pi\u00f9 comune in Grecia \u00e8 il ciclamino greco. Questo particolare ciclamino fiorisce in autunno e ha densi fiori viola. Cresce nelle zone di bassa quota ed \u00e8 particolarmente diffuso nelle zone aride.<\/p>\r\n<\/div>\r\n<hr\/>\r\n<div class=\"infobox-photo photo-l\">\r\n<img loading=\"lazy\" decoding=\"async\" src=\"https:\/\/test.kithera.gr\/wp-content\/uploads\/2022\/11\/Agrio-prasso.jpg\" alt=\"\u0386\u03b3\u03c1\u03b9\u03bf \u03c0\u03c1\u03ac\u03c3\u03bf \u039a\u03c5\u03b8\u03ae\u03c1\u03c9\u03bd\" width=\"550\" height=\"550\"\/>\r\n<h2>Porro selvatico<\/h2>\r\n<p>L&#8217;Allium ampeloprasum (Allium ampeloprasum) appartiene al genere Allion e alla famiglia delle Liliaceae. La pianta selvatica \u00e8 comunemente nota come porro selvatico. Si trova dall&#8217;Europa meridionale all&#8217;Asia occidentale, ma \u00e8 coltivata anche in molti altri luoghi. <br\/>\r\nAllion l&#8217;erba cipollina \u00e8 considerata una pianta autoctona in tutti i paesi che si affacciano sul Mar Nero, Adriatico e Mediterraneo, dal Portogallo, all&#8217;Egitto e alla Romania.<\/p>\r\n<\/div>\r\n<hr\/>\r\n<div class=\"infobox-photo photo-r\">\r\n<img loading=\"lazy\" decoding=\"async\" src=\"https:\/\/test.kithera.gr\/wp-content\/uploads\/2022\/12\/Orhidees.jpg\" alt=\"\u039f\u03c1\u03c7\u03b9\u03b4\u03ad\u03b5\u03c2 \u039a\u03c5\u03b8\u03ae\u03c1\u03c9\u03bd\" width=\"550\" height=\"550\"\/>\r\n<h2>Orchidee<\/h2>\r\n<p>Le orchidee sono piante monocotiledoni ornamentali che compongono la famiglia delle orchidee, la pi\u00f9 grande delle piante da fiore (Angiosperme). Le orchidee sono cosmopolite e occupano quasi tutti gli ecosistemi tranne i deserti e le calotte glaciali. <br\/>\r\nNell&#8217;isola sono presenti circa 60 specie di orchidee selvatiche, come Orchis italica, Vermeulenia papilionacea var. aegea, Ophrys tenthredinifera subsp. ulyssea, Serapias orientalis, Neotinea tridentata, Ophrys calypsus, Anacamptis pyramidalis var. brachistachide.<\/p>\r\n<\/div>\r\n\r\n\r\n<\/div>\r\n<div class='footeradsense'><h4>Enjoyed this article?<\/h4><p>Subscribe to our  <a href=\"http:\/\/feed.example.com\" target=\"_blank\" rel=\"noopener\">RSS feed<\/a> and never miss updates!<\/p><\/div>","protected":false},"excerpt":{"rendered":"<p>Fiori di Citera Le campagne dell&#8217;isola sono inondate di splendidi fiori che crescono anche nei luoghi pi\u00f9 impensati e non solo, tutto l&#8217;anno. Nei prati accanto agli alberi, sulle rocce scoscese e persino vicino al mare, una moltitudine di 723 specie di piante registrate arricchisce la natura di Citera, classificando la terra dell&#8217;isola come dotata [&hellip;]<\/p>\n","protected":false},"author":1,"featured_media":0,"parent":31245,"menu_order":0,"comment_status":"closed","ping_status":"closed","template":"template\/template-homepage.php","meta":{"footnotes":""},"class_list":["post-31253","page","type-page","status-publish","hentry"],"_links":{"self":[{"href":"https:\/\/test.kithera.gr\/it\/wp-json\/wp\/v2\/pages\/31253","targetHints":{"allow":["GET"]}}],"collection":[{"href":"https:\/\/test.kithera.gr\/it\/wp-json\/wp\/v2\/pages"}],"about":[{"href":"https:\/\/test.kithera.gr\/it\/wp-json\/wp\/v2\/types\/page"}],"author":[{"embeddable":true,"href":"https:\/\/test.kithera.gr\/it\/wp-json\/wp\/v2\/users\/1"}],"replies":[{"embeddable":true,"href":"https:\/\/test.kithera.gr\/it\/wp-json\/wp\/v2\/comments?post=31253"}],"version-history":[{"count":0,"href":"https:\/\/test.kithera.gr\/it\/wp-json\/wp\/v2\/pages\/31253\/revisions"}],"up":[{"embeddable":true,"href":"https:\/\/test.kithera.gr\/it\/wp-json\/wp\/v2\/pages\/31245"}],"wp:attachment":[{"href":"https:\/\/test.kithera.gr\/it\/wp-json\/wp\/v2\/media?parent=31253"}],"curies":[{"name":"wp","href":"https:\/\/api.w.org\/{rel}","templated":true}]}}