{"id":31227,"date":"2022-06-12T16:45:29","date_gmt":"2022-06-12T13:45:29","guid":{"rendered":"https:\/\/test.kithera.gr\/?page_id=31227"},"modified":"2025-03-13T19:17:11","modified_gmt":"2025-03-13T17:17:11","slug":"informazioni-citera","status":"publish","type":"page","link":"https:\/\/test.kithera.gr\/it\/informazioni-citera\/","title":{"rendered":"Informazioni su Citera"},"content":{"rendered":"\n<div class=\"page-container\">\n\n<div class=\"infobox bg-1\">\n<h1>Informazioni su Citera<\/h1>\n<p><b>La storia dell&#8217;isola, il meccanismo di Antikythira, il nome Kythira, il naufragio di Antikythira.<\/b><br>\nLa storia di Citera si perde nella profondit\u00e0 del tempo, periodo in cui importanti cambiamenti sono giunti ai nostri giorni come imponenti miti, come la lotta per il potere tra Saturno e il figlio di Zeus, dove i genitali del primo caddero nei mari di Citera e dalla schiuma che form\u00f2 nacque la dea Afrodite.<br>\nOmero nell&#8217;Iliade cita &#8220;la dea citerea dell&#8217;amore e nutrice&#8221;, facendo cos\u00ec il primo riferimento storico all&#8217;origine del nome dell&#8217;isola di Citera.<br>\nMa altri importanti eventi recenti sono stati collegati a Kythira, come il ritrovamento e l&#8217;innalzamento del famoso Meccanismo di Antikythera, oltre a straordinarie statue e opere d&#8217;arte dal naufragio del Mentore al largo di Diakofti.<br>\nLa guida turistica kithera.gr ~ Panorama, con senso di responsabilit\u00e0, ha curato la corretta presentazione di un progetto cos\u00ec importante, la messa in evidenza del relitto di Antikythera, per creare una presentazione unica di alto livello, che riunisce tutte le materiale finora e lo offre in modo comprensibile al pubblico pi\u00f9 ampio. Un&#8217;impresa che si \u00e8 rivelata vincente sulla base di decine di pubblicazioni e che \u00e8 diventata virale su Youtube!<\/p>\n<\/div>\n\n<div class=\"masonry-wrapper\">\n\n<div class=\"tall img-overlay\"><img decoding=\"async\" src=\"https:\/\/test.kithera.gr\/wp-content\/uploads\/2022\/11\/minoiko-iero-koryfis-kythira.jpg\" alt=\"Informazioni su Citera\">\n<div class=\"box\">\n<h3>STORIA<\/h3>\n<p>La storia dell&#8217;isola dai tempi antichi, Bisanzio, l&#8217;Anglocrazia, fino ad oggi \u27bc<\/p>\n<\/div>\n<a class=\"masonry_link\" href=\"https:\/\/test.kithera.gr\/it\/informazioni-citera\/storia-di-citera\/\"><\/a>\n<\/div>\n\n<div class=\"wide img-overlay\"><img decoding=\"async\" src=\"https:\/\/test.kithera.gr\/wp-content\/uploads\/2022\/11\/Fysi-kythira-1.jpg\" alt=\"Flora citera\">\n<div class=\"box\">\n<h3>GEOGRAFIA ~ NATURA<\/h3>\n<p>La geografia dell&#8217;isola, la natura, la flora e la fauna \u27bc<\/p>\n<\/div>\n<a class=\"masonry_link\" href=\"https:\/\/test.kithera.gr\/it\/informazioni-citera\/geografia-natura-citera\/\"><\/a>\n<\/div>\n\n<div class=\"smole img-overlay\"><img decoding=\"async\" src=\"https:\/\/test.kithera.gr\/wp-content\/uploads\/2022\/11\/Mixanismos-antikythiron.jpg\" alt=\"Antikythira Mechanism\">\n<div class=\"box\">\n<h3>MECCANISMO DI ANTIKYTHERA<\/h3>\n<p>Il miracolo tecnologico dell&#8217;antichit\u00e0 e quali erano le sue funzioni \u27bc<\/p>\n<\/div>\n<a class=\"masonry_link\" href=\"https:\/\/test.kithera.gr\/it\/informazioni-citera\/meccanismo-antikythera\/\"><\/a>\n<\/div>\n\n<div class=\"smole img-overlay\"><img decoding=\"async\" src=\"https:\/\/test.kithera.gr\/wp-content\/uploads\/2022\/11\/Nauagio-Antikythiron.jpg\" alt=\"Shipwreck of Antikythera\">\n<div class=\"box\">\n<h3>NAUFRAGIO DI ANTIKTHIRA<\/h3>\n<p>Una presentazione unica sulla storia del relitto, diventata virale \u27bc<\/p>\n<\/div>\n<a class=\"masonry_link\" href=\"https:\/\/test.kithera.gr\/it\/informazioni-citera\/naufragio-antikythera\/\"><\/a>\n<\/div>\n\n<\/div><!-- masonry-wrapper -->\n\n\n<div class=\"infobox\">\n<!-- GOOGLE ADDS -->\n<\/div>\n\n<div class=\"infobox\">\n<h2>Consigli utili per il tuo soggiorno a Kythira.<\/h2>\n<p>Il <a href=\"https:\/\/test.kithera.gr\/it\/\">Nome Kythira<\/a> Scegli dall&#8217;elenco sopra la categoria di alloggio che ti interessa e vedi tutti gli alloggi disponibili ma durante l&#8217;estate stagione. <br>\nVi auguriamo un buon soggiorno a Citera!<\/p>\n<\/div>\n\n<\/div>\n<div class='footeradsense'><h4>Enjoyed this article?<\/h4><p>Subscribe to our  <a href=\"http:\/\/feed.example.com\" target=\"_blank\" rel=\"noopener\">RSS feed<\/a> and never miss updates!<\/p><\/div>","protected":false},"excerpt":{"rendered":"<p>Informazioni su Citera La storia dell&#8217;isola, il meccanismo di Antikythira, il nome Kythira, il naufragio di Antikythira. La storia di Citera si perde nella profondit\u00e0 del tempo, periodo in cui importanti cambiamenti sono giunti ai nostri giorni come imponenti miti, come la lotta per il potere tra Saturno e il figlio di Zeus, dove i [&hellip;]<\/p>\n","protected":false},"author":1,"featured_media":0,"parent":0,"menu_order":0,"comment_status":"closed","ping_status":"closed","template":"template\/template-homepage.php","meta":{"footnotes":""},"class_list":["post-31227","page","type-page","status-publish","hentry"],"_links":{"self":[{"href":"https:\/\/test.kithera.gr\/it\/wp-json\/wp\/v2\/pages\/31227","targetHints":{"allow":["GET"]}}],"collection":[{"href":"https:\/\/test.kithera.gr\/it\/wp-json\/wp\/v2\/pages"}],"about":[{"href":"https:\/\/test.kithera.gr\/it\/wp-json\/wp\/v2\/types\/page"}],"author":[{"embeddable":true,"href":"https:\/\/test.kithera.gr\/it\/wp-json\/wp\/v2\/users\/1"}],"replies":[{"embeddable":true,"href":"https:\/\/test.kithera.gr\/it\/wp-json\/wp\/v2\/comments?post=31227"}],"version-history":[{"count":0,"href":"https:\/\/test.kithera.gr\/it\/wp-json\/wp\/v2\/pages\/31227\/revisions"}],"wp:attachment":[{"href":"https:\/\/test.kithera.gr\/it\/wp-json\/wp\/v2\/media?parent=31227"}],"curies":[{"name":"wp","href":"https:\/\/api.w.org\/{rel}","templated":true}]}}